{"id":8,"date":"2017-07-20T07:52:39","date_gmt":"2017-07-20T07:52:39","guid":{"rendered":"http:\/\/zelena-tocka.si\/ptujski-luk\/?page_id=8"},"modified":"2018-01-26T11:32:15","modified_gmt":"2018-01-26T11:32:15","slug":"nacin-pridelave","status":"publish","type":"page","link":"https:\/\/zelena-tocka.si\/ptujski-luk\/nacin-pridelave\/","title":{"rendered":"Na\u010din pridelave"},"content":{"rendered":"<p>[vc_row][vc_column][vc_custom_heading text=&#8221;Originalen je ro\u010dno pridelan&#8221; font_container=&#8221;tag:h3|text_align:left|color:%23b22e20&#8243; use_theme_fonts=&#8221;yes&#8221;][vc_column_text]Ptujski l\u00fck ro\u010dno sadimo, pobiramo, sortiramo in pakiramo. S certifikatom sheme posebne kakovosti Za\u0161\u010ditena geografska ozna\u010dba (ZGO) je zajam\u010dena stalna kontrola pridelave, znano poreklo in pristnost kmetijskega pridelka. Postopek pridelave je strogo dolo\u010den. Pridelava od semena do ploda traja kar tri leta. Je naravni pridelek, ki ni obdelan s sredstvi za obstojnost. Prav zato se lahko zgodi, da bo za\u010del kaliti, \u010de ga shranimo v toplem in svetlem prostoru.[\/vc_column_text][vc_single_image image=&#8221;211&#8243; img_size=&#8221;full&#8221; alignment=&#8221;center&#8221;][vc_custom_heading text=&#8221;Sorta Ptujska rde\u010da&#8221; font_container=&#8221;tag:h3|text_align:left|color:%23b22e20&#8243; use_theme_fonts=&#8221;yes&#8221;][vc_column_text]Ptujski l\u00fck je na slovenski sortni listi vpisan kot sorta Ptujska rde\u010da. Naveden je tudi v katalogu sort Evropske unije in v opisu priporo\u010denih sort polj\u0161\u010din ter vrtnin, ki ga je izdal Kmetijski in\u0161titut Slovenije.[\/vc_column_text][vc_custom_heading text=&#8221;Pridelan na Ptujskem polju&#8221; font_container=&#8221;tag:h3|text_align:left|color:%23b22e20&#8243; use_theme_fonts=&#8221;yes&#8221;][vc_column_text]Obmo\u010dje pridelovanja obsega ravninski del ptujskega polja, ki se razteza med reko Dravo, reko Pesnico, mestoma Ptuj in Ormo\u017e ter obronki Slovenskih goric.\u00a0Podnebje je ustrezno, ker je primerna razporeditev padavin, tla so plitva a humozna in hitro ogreta ter suha. Slednje je vzrok, da je Ptujski l\u00fck razvil ostrej\u0161i okus, po \u010dem je tudi najbolj prepoznaven. Zaradi pletenja v kite ima Ptujski l\u00fck ve\u010d zelenega listja, listje je bolj \u017eilavo in se ne lomi ob puljenju, kar je zelo pomembno, saj ga ro\u010dno pobirajo.[\/vc_column_text][vc_custom_heading text=&#8221;Pridelan na naravi prijazen na\u010din.&#8221; font_container=&#8221;tag:h3|text_align:left|color:%23b22e20&#8243; use_theme_fonts=&#8221;yes&#8221;][vc_column_text]Pridelujejo ga na integriran ali ekolo\u0161ki na\u010din, kar je zagotovilo, da je poleg lepega videza tudi kakovosten in dobrega okusa. Pridelava je pod stalnim strokovnim nadzorom poobla\u0161\u010denih organizacij.[\/vc_column_text][\/vc_column][\/vc_row][vc_row][vc_column width=&#8221;1\/2&#8243;][vc_single_image image=&#8221;212&#8243; img_size=&#8221;full&#8221; alignment=&#8221;center&#8221; onclick=&#8221;link_image&#8221;][\/vc_column][vc_column width=&#8221;1\/2&#8243;][vc_single_image image=&#8221;213&#8243; img_size=&#8221;full&#8221; alignment=&#8221;center&#8221; onclick=&#8221;link_image&#8221;][\/vc_column][\/vc_row]<\/p>\n","protected":false},"excerpt":{"rendered":"<p>[vc_row][vc_column][vc_custom_heading text=&#8221;Originalen je ro\u010dno pridelan&#8221; font_container=&#8221;tag:h3|text_align:left|color:%23b22e20&#8243; use_theme_fonts=&#8221;yes&#8221;][vc_column_text]Ptujski l\u00fck ro\u010dno sadimo, pobiramo, sortiramo in pakiramo. S certifikatom sheme posebne kakovosti Za\u0161\u010ditena geografska ozna\u010dba (ZGO) je zajam\u010dena stalna kontrola pridelave, znano poreklo in pristnost kmetijskega pridelka. Postopek pridelave je strogo dolo\u010den. Pridelava od semena do ploda traja kar tri leta. Je naravni pridelek, ki ni obdelan s [&#8230;]<\/p>\n<p><a class=\"btn btn-secondary understrap-read-more-link\" href=\"https:\/\/zelena-tocka.si\/ptujski-luk\/nacin-pridelave\/\">Preberi ve\u010d \u00bb<\/a><\/p>\n","protected":false},"author":4,"featured_media":0,"parent":0,"menu_order":0,"comment_status":"closed","ping_status":"closed","template":"page-templates\/right-sidebarpage.php","meta":{"footnotes":""},"class_list":["post-8","page","type-page","status-publish","hentry"],"yoast_head":"<!-- This site is optimized with the Yoast SEO plugin v27.3 - https:\/\/yoast.com\/product\/yoast-seo-wordpress\/ -->\n<title>Na\u010din pridelave - Ptujski l\u00fck<\/title>\n<meta name=\"robots\" content=\"index, follow, max-snippet:-1, max-image-preview:large, max-video-preview:-1\" \/>\n<link rel=\"canonical\" href=\"https:\/\/zelena-tocka.si\/ptujski-luk\/nacin-pridelave\/\" \/>\n<meta property=\"og:locale\" content=\"sl_SI\" \/>\n<meta property=\"og:type\" content=\"article\" \/>\n<meta property=\"og:title\" content=\"Na\u010din pridelave - Ptujski l\u00fck\" \/>\n<meta property=\"og:description\" content=\"[vc_row][vc_column][vc_custom_heading text=&#8221;Originalen je ro\u010dno pridelan&#8221; font_container=&#8221;tag:h3|text_align:left|color:%23b22e20&#8243; use_theme_fonts=&#8221;yes&#8221;][vc_column_text]Ptujski l\u00fck ro\u010dno sadimo, pobiramo, sortiramo in pakiramo. S certifikatom sheme posebne kakovosti Za\u0161\u010ditena geografska ozna\u010dba (ZGO) je zajam\u010dena stalna kontrola pridelave, znano poreklo in pristnost kmetijskega pridelka. Postopek pridelave je strogo dolo\u010den. Pridelava od semena do ploda traja kar tri leta. Je naravni pridelek, ki ni obdelan s [...]Preberi ve\u010d \u00bb\" \/>\n<meta property=\"og:url\" content=\"https:\/\/zelena-tocka.si\/ptujski-luk\/nacin-pridelave\/\" \/>\n<meta property=\"og:site_name\" content=\"Ptujski l\u00fck\" \/>\n<meta property=\"article:modified_time\" content=\"2018-01-26T11:32:15+00:00\" \/>\n<meta name=\"twitter:card\" content=\"summary_large_image\" \/>\n<meta name=\"twitter:label1\" content=\"Est. reading time\" \/>\n\t<meta name=\"twitter:data1\" content=\"2 minuti\" \/>\n<script type=\"application\/ld+json\" class=\"yoast-schema-graph\">{\"@context\":\"https:\\\/\\\/schema.org\",\"@graph\":[{\"@type\":\"WebPage\",\"@id\":\"https:\\\/\\\/zelena-tocka.si\\\/ptujski-luk\\\/nacin-pridelave\\\/\",\"url\":\"https:\\\/\\\/zelena-tocka.si\\\/ptujski-luk\\\/nacin-pridelave\\\/\",\"name\":\"Na\u010din pridelave - Ptujski l\u00fck\",\"isPartOf\":{\"@id\":\"https:\\\/\\\/zelena-tocka.si\\\/ptujski-luk\\\/#website\"},\"datePublished\":\"2017-07-20T07:52:39+00:00\",\"dateModified\":\"2018-01-26T11:32:15+00:00\",\"breadcrumb\":{\"@id\":\"https:\\\/\\\/zelena-tocka.si\\\/ptujski-luk\\\/nacin-pridelave\\\/#breadcrumb\"},\"inLanguage\":\"sl-SI\",\"potentialAction\":[{\"@type\":\"ReadAction\",\"target\":[\"https:\\\/\\\/zelena-tocka.si\\\/ptujski-luk\\\/nacin-pridelave\\\/\"]}]},{\"@type\":\"BreadcrumbList\",\"@id\":\"https:\\\/\\\/zelena-tocka.si\\\/ptujski-luk\\\/nacin-pridelave\\\/#breadcrumb\",\"itemListElement\":[{\"@type\":\"ListItem\",\"position\":1,\"name\":\"Home\",\"item\":\"https:\\\/\\\/zelena-tocka.si\\\/ptujski-luk\\\/\"},{\"@type\":\"ListItem\",\"position\":2,\"name\":\"Na\u010din pridelave\"}]},{\"@type\":\"WebSite\",\"@id\":\"https:\\\/\\\/zelena-tocka.si\\\/ptujski-luk\\\/#website\",\"url\":\"https:\\\/\\\/zelena-tocka.si\\\/ptujski-luk\\\/\",\"name\":\"Ptujski l\u00fck\",\"description\":\"Kralj \u010debul\",\"publisher\":{\"@id\":\"https:\\\/\\\/zelena-tocka.si\\\/ptujski-luk\\\/#organization\"},\"potentialAction\":[{\"@type\":\"SearchAction\",\"target\":{\"@type\":\"EntryPoint\",\"urlTemplate\":\"https:\\\/\\\/zelena-tocka.si\\\/ptujski-luk\\\/?s={search_term_string}\"},\"query-input\":{\"@type\":\"PropertyValueSpecification\",\"valueRequired\":true,\"valueName\":\"search_term_string\"}}],\"inLanguage\":\"sl-SI\"},{\"@type\":\"Organization\",\"@id\":\"https:\\\/\\\/zelena-tocka.si\\\/ptujski-luk\\\/#organization\",\"name\":\"Ptujski l\u00fck\",\"url\":\"https:\\\/\\\/zelena-tocka.si\\\/ptujski-luk\\\/\",\"logo\":{\"@type\":\"ImageObject\",\"inLanguage\":\"sl-SI\",\"@id\":\"https:\\\/\\\/zelena-tocka.si\\\/ptujski-luk\\\/#\\\/schema\\\/logo\\\/image\\\/\",\"url\":\"https:\\\/\\\/zelena-tocka.si\\\/ptujski-luk\\\/wp-content\\\/uploads\\\/2018\\\/02\\\/cropped-logo_web.png\",\"contentUrl\":\"https:\\\/\\\/zelena-tocka.si\\\/ptujski-luk\\\/wp-content\\\/uploads\\\/2018\\\/02\\\/cropped-logo_web.png\",\"width\":500,\"height\":150,\"caption\":\"Ptujski l\u00fck\"},\"image\":{\"@id\":\"https:\\\/\\\/zelena-tocka.si\\\/ptujski-luk\\\/#\\\/schema\\\/logo\\\/image\\\/\"}}]}<\/script>\n<!-- \/ Yoast SEO plugin. -->","yoast_head_json":{"title":"Na\u010din pridelave - Ptujski l\u00fck","robots":{"index":"index","follow":"follow","max-snippet":"max-snippet:-1","max-image-preview":"max-image-preview:large","max-video-preview":"max-video-preview:-1"},"canonical":"https:\/\/zelena-tocka.si\/ptujski-luk\/nacin-pridelave\/","og_locale":"sl_SI","og_type":"article","og_title":"Na\u010din pridelave - Ptujski l\u00fck","og_description":"[vc_row][vc_column][vc_custom_heading text=&#8221;Originalen je ro\u010dno pridelan&#8221; font_container=&#8221;tag:h3|text_align:left|color:%23b22e20&#8243; use_theme_fonts=&#8221;yes&#8221;][vc_column_text]Ptujski l\u00fck ro\u010dno sadimo, pobiramo, sortiramo in pakiramo. S certifikatom sheme posebne kakovosti Za\u0161\u010ditena geografska ozna\u010dba (ZGO) je zajam\u010dena stalna kontrola pridelave, znano poreklo in pristnost kmetijskega pridelka. Postopek pridelave je strogo dolo\u010den. Pridelava od semena do ploda traja kar tri leta. Je naravni pridelek, ki ni obdelan s [...]Preberi ve\u010d \u00bb","og_url":"https:\/\/zelena-tocka.si\/ptujski-luk\/nacin-pridelave\/","og_site_name":"Ptujski l\u00fck","article_modified_time":"2018-01-26T11:32:15+00:00","twitter_card":"summary_large_image","twitter_misc":{"Est. reading time":"2 minuti"},"schema":{"@context":"https:\/\/schema.org","@graph":[{"@type":"WebPage","@id":"https:\/\/zelena-tocka.si\/ptujski-luk\/nacin-pridelave\/","url":"https:\/\/zelena-tocka.si\/ptujski-luk\/nacin-pridelave\/","name":"Na\u010din pridelave - Ptujski l\u00fck","isPartOf":{"@id":"https:\/\/zelena-tocka.si\/ptujski-luk\/#website"},"datePublished":"2017-07-20T07:52:39+00:00","dateModified":"2018-01-26T11:32:15+00:00","breadcrumb":{"@id":"https:\/\/zelena-tocka.si\/ptujski-luk\/nacin-pridelave\/#breadcrumb"},"inLanguage":"sl-SI","potentialAction":[{"@type":"ReadAction","target":["https:\/\/zelena-tocka.si\/ptujski-luk\/nacin-pridelave\/"]}]},{"@type":"BreadcrumbList","@id":"https:\/\/zelena-tocka.si\/ptujski-luk\/nacin-pridelave\/#breadcrumb","itemListElement":[{"@type":"ListItem","position":1,"name":"Home","item":"https:\/\/zelena-tocka.si\/ptujski-luk\/"},{"@type":"ListItem","position":2,"name":"Na\u010din pridelave"}]},{"@type":"WebSite","@id":"https:\/\/zelena-tocka.si\/ptujski-luk\/#website","url":"https:\/\/zelena-tocka.si\/ptujski-luk\/","name":"Ptujski l\u00fck","description":"Kralj \u010debul","publisher":{"@id":"https:\/\/zelena-tocka.si\/ptujski-luk\/#organization"},"potentialAction":[{"@type":"SearchAction","target":{"@type":"EntryPoint","urlTemplate":"https:\/\/zelena-tocka.si\/ptujski-luk\/?s={search_term_string}"},"query-input":{"@type":"PropertyValueSpecification","valueRequired":true,"valueName":"search_term_string"}}],"inLanguage":"sl-SI"},{"@type":"Organization","@id":"https:\/\/zelena-tocka.si\/ptujski-luk\/#organization","name":"Ptujski l\u00fck","url":"https:\/\/zelena-tocka.si\/ptujski-luk\/","logo":{"@type":"ImageObject","inLanguage":"sl-SI","@id":"https:\/\/zelena-tocka.si\/ptujski-luk\/#\/schema\/logo\/image\/","url":"https:\/\/zelena-tocka.si\/ptujski-luk\/wp-content\/uploads\/2018\/02\/cropped-logo_web.png","contentUrl":"https:\/\/zelena-tocka.si\/ptujski-luk\/wp-content\/uploads\/2018\/02\/cropped-logo_web.png","width":500,"height":150,"caption":"Ptujski l\u00fck"},"image":{"@id":"https:\/\/zelena-tocka.si\/ptujski-luk\/#\/schema\/logo\/image\/"}}]}},"_links":{"self":[{"href":"https:\/\/zelena-tocka.si\/ptujski-luk\/wp-json\/wp\/v2\/pages\/8","targetHints":{"allow":["GET"]}}],"collection":[{"href":"https:\/\/zelena-tocka.si\/ptujski-luk\/wp-json\/wp\/v2\/pages"}],"about":[{"href":"https:\/\/zelena-tocka.si\/ptujski-luk\/wp-json\/wp\/v2\/types\/page"}],"author":[{"embeddable":true,"href":"https:\/\/zelena-tocka.si\/ptujski-luk\/wp-json\/wp\/v2\/users\/4"}],"replies":[{"embeddable":true,"href":"https:\/\/zelena-tocka.si\/ptujski-luk\/wp-json\/wp\/v2\/comments?post=8"}],"version-history":[{"count":7,"href":"https:\/\/zelena-tocka.si\/ptujski-luk\/wp-json\/wp\/v2\/pages\/8\/revisions"}],"predecessor-version":[{"id":305,"href":"https:\/\/zelena-tocka.si\/ptujski-luk\/wp-json\/wp\/v2\/pages\/8\/revisions\/305"}],"wp:attachment":[{"href":"https:\/\/zelena-tocka.si\/ptujski-luk\/wp-json\/wp\/v2\/media?parent=8"}],"curies":[{"name":"wp","href":"https:\/\/api.w.org\/{rel}","templated":true}]}}