{"id":6,"date":"2017-07-20T07:51:55","date_gmt":"2017-07-20T07:51:55","guid":{"rendered":"http:\/\/zelena-tocka.si\/ptujski-luk\/?page_id=6"},"modified":"2018-01-26T11:36:14","modified_gmt":"2018-01-26T11:36:14","slug":"o-luku","status":"publish","type":"page","link":"https:\/\/zelena-tocka.si\/ptujski-luk\/o-luku\/","title":{"rendered":"O l\u00fcku"},"content":{"rendered":"<p>[vc_row][vc_column][vc_custom_heading text=&#8221;KRALJ \u010cEBUL in evropska posebnost&#8221; font_container=&#8221;tag:h3|text_align:left|color:%23b22e20&#8243; use_theme_fonts=&#8221;yes&#8221;][vc_column_text]\u017de 200 let ga ro\u010dno pridelujejo, pobirajo in spletajo v vence. Je tak\u0161en, kot je bil neko\u010d. Njegov okus, ostrina in kakovost ga uvr\u0161\u010dajo med sam vrh med \u010debulami. Zaradi tradicije pridelave in porekla si je Ptujski l\u00fck prislu\u017eil shemo posebne kakovosti Za\u0161\u010ditena geografska ozna\u010dba, ki ga uvr\u0161\u010da ne samo na seznam za\u0161\u010ditenih slovenskih kmetijskih pridelkov, ampak tudi med evropske posebnosti.[\/vc_column_text][\/vc_column][\/vc_row][vc_row][vc_column][vc_single_image image=&#8221;199&#8243; img_size=&#8221;full&#8221; alignment=&#8221;center&#8221;][\/vc_column][\/vc_row][vc_row][vc_column][vc_custom_heading text=&#8221;Okus, poreklo, tradicija&#8221; font_container=&#8221;tag:h3|text_align:left|color:%23b22e20&#8243; use_theme_fonts=&#8221;yes&#8221;][vc_column_text]Prodnata pe\u0161\u010dena tla Ptujskega polja, ugodna klima z veliko sonca in de\u017eja dajejo prav posebno ostrino njegovemu okusu. Ptujski l\u00fck je odli\u010den v kulinariki in hitro razpade ob kuhanju. Dobra prena\u0161a skladi\u0161\u010denje. V temnem in hladnem prostoru so ga v\u010dasih skladi\u0161\u010dili vse do pomladi.[\/vc_column_text][vc_column_text el_class=&#8221;with-border&#8221;]<strong>Po \u010dem prepoznate Ptujski l\u00fck?<\/strong><\/p>\n<ul>\n<li><strong>Sr\u010dasto-plo\u0161\u010data oblika.<\/strong><\/li>\n<li><strong>Rde\u010de-rjava do svetlo-rde\u010da barva zunanjih suhih luskolistov.<\/strong><\/li>\n<li><strong>Belo meso z vijoli\u010dno-rde\u010dim nadihom in mo\u010dnej\u0161im vijoli\u010dnim robom.<\/strong><\/li>\n<li><strong>Najbolj zna\u010dilen je zmerno oster okus.<\/strong><\/li>\n<li><strong>Mo\u010dno di\u0161i po \u010debuli.<\/strong><\/li>\n<li><strong>Po oznaki Za\u0161\u010ditena geografska ozna\u010dba na embala\u017ei.<\/strong><\/li>\n<\/ul>\n<p>[\/vc_column_text][\/vc_column][\/vc_row][vc_row][vc_column][vc_single_image image=&#8221;200&#8243; img_size=&#8221;full&#8221; alignment=&#8221;center&#8221;][\/vc_column][\/vc_row][vc_row][vc_column][vc_custom_heading text=&#8221;ZA\u0160\u010cITENA GEOGRAFSKA OZNA\u010cBA&#8221; font_container=&#8221;tag:h3|text_align:left|color:%23b22e20&#8243; use_theme_fonts=&#8221;yes&#8221;][\/vc_column][\/vc_row][vc_row css=&#8221;.vc_custom_1516965696201{margin-top: 20px !important;}&#8221;][vc_column][vc_single_image image=&#8221;53&#8243; img_size=&#8221;medium&#8221;][\/vc_column][\/vc_row][vc_row][vc_column][vc_column_text]Da si kmetijski pridelek ali \u017eivilo prislu\u017ei oznako Za\u0161\u010ditena geografska ozna\u010dba mora imeti posebno kakovost, ugled, tradicijo ali druge zna\u010dilnosti, izvirati pa mora iz dolo\u010denega geografskega obmo\u010dja. Pri Ptujskem l\u00fcku pravilnik dolo\u010da strogo geografsko obmo\u010dje, kjer se lahko prideluje Ptujski l\u00fck in to je samo Ptujsko polje vse do Ormo\u017ea. Shema posebne kakovosti daje potro\u0161niku zagotovilo, da kupi originalen in pristen l\u00fck, ki je bil pridelan na tradicionalen na\u010din. Certificiranje pomeni, da neodvisna kontrolna organizacija pri posameznem proizvajalcu letno kontrolira upo\u0161tevanje vseh pravil proizvodnje in ostale pogoje, ki so jasno opredeljeni v za\u0161\u010diti. Originalen Ptujski l\u00fck prepoznamo po za\u0161\u010ditenem znak na embala\u017ei. Shema ZGO velja tudi Evropi, kar pomeni, da je originalen Ptujski l\u00fck evropski za\u0161\u010diten kmetijski pridelek<strong>.<\/strong>[\/vc_column_text][\/vc_column][\/vc_row][vc_row][vc_column width=&#8221;1\/3&#8243;][vc_single_image image=&#8221;205&#8243; img_size=&#8221;full&#8221; alignment=&#8221;center&#8221; onclick=&#8221;link_image&#8221;][\/vc_column][vc_column width=&#8221;1\/3&#8243;][vc_single_image image=&#8221;206&#8243; img_size=&#8221;full&#8221; alignment=&#8221;center&#8221; onclick=&#8221;link_image&#8221;][\/vc_column][vc_column width=&#8221;1\/3&#8243;][vc_single_image image=&#8221;207&#8243; img_size=&#8221;full&#8221; alignment=&#8221;center&#8221; onclick=&#8221;link_image&#8221;][\/vc_column][\/vc_row]<\/p>\n","protected":false},"excerpt":{"rendered":"<p>[vc_row][vc_column][vc_custom_heading text=&#8221;KRALJ \u010cEBUL in evropska posebnost&#8221; font_container=&#8221;tag:h3|text_align:left|color:%23b22e20&#8243; use_theme_fonts=&#8221;yes&#8221;][vc_column_text]\u017de 200 let ga ro\u010dno pridelujejo, pobirajo in spletajo v vence. Je tak\u0161en, kot je bil neko\u010d. Njegov okus, ostrina in kakovost ga uvr\u0161\u010dajo med sam vrh med \u010debulami. Zaradi tradicije pridelave in porekla si je Ptujski l\u00fck prislu\u017eil shemo posebne kakovosti Za\u0161\u010ditena geografska ozna\u010dba, ki ga uvr\u0161\u010da [&#8230;]<\/p>\n<p><a class=\"btn btn-secondary understrap-read-more-link\" href=\"https:\/\/zelena-tocka.si\/ptujski-luk\/o-luku\/\">Preberi ve\u010d \u00bb<\/a><\/p>\n","protected":false},"author":4,"featured_media":0,"parent":0,"menu_order":0,"comment_status":"closed","ping_status":"closed","template":"page-templates\/right-sidebarpage.php","meta":{"footnotes":""},"class_list":["post-6","page","type-page","status-publish","hentry"],"yoast_head":"<!-- This site is optimized with the Yoast SEO plugin v27.3 - https:\/\/yoast.com\/product\/yoast-seo-wordpress\/ -->\n<title>O l\u00fcku - Ptujski l\u00fck<\/title>\n<meta name=\"robots\" content=\"index, follow, max-snippet:-1, max-image-preview:large, max-video-preview:-1\" \/>\n<link rel=\"canonical\" href=\"https:\/\/zelena-tocka.si\/ptujski-luk\/o-luku\/\" \/>\n<meta property=\"og:locale\" content=\"sl_SI\" \/>\n<meta property=\"og:type\" content=\"article\" \/>\n<meta property=\"og:title\" content=\"O l\u00fcku - Ptujski l\u00fck\" \/>\n<meta property=\"og:description\" content=\"[vc_row][vc_column][vc_custom_heading text=&#8221;KRALJ \u010cEBUL in evropska posebnost&#8221; font_container=&#8221;tag:h3|text_align:left|color:%23b22e20&#8243; use_theme_fonts=&#8221;yes&#8221;][vc_column_text]\u017de 200 let ga ro\u010dno pridelujejo, pobirajo in spletajo v vence. Je tak\u0161en, kot je bil neko\u010d. Njegov okus, ostrina in kakovost ga uvr\u0161\u010dajo med sam vrh med \u010debulami. Zaradi tradicije pridelave in porekla si je Ptujski l\u00fck prislu\u017eil shemo posebne kakovosti Za\u0161\u010ditena geografska ozna\u010dba, ki ga uvr\u0161\u010da [...]Preberi ve\u010d \u00bb\" \/>\n<meta property=\"og:url\" content=\"https:\/\/zelena-tocka.si\/ptujski-luk\/o-luku\/\" \/>\n<meta property=\"og:site_name\" content=\"Ptujski l\u00fck\" \/>\n<meta property=\"article:modified_time\" content=\"2018-01-26T11:36:14+00:00\" \/>\n<meta name=\"twitter:card\" content=\"summary_large_image\" \/>\n<meta name=\"twitter:label1\" content=\"Est. reading time\" \/>\n\t<meta name=\"twitter:data1\" content=\"3 minute\" \/>\n<script type=\"application\/ld+json\" class=\"yoast-schema-graph\">{\"@context\":\"https:\\\/\\\/schema.org\",\"@graph\":[{\"@type\":\"WebPage\",\"@id\":\"https:\\\/\\\/zelena-tocka.si\\\/ptujski-luk\\\/o-luku\\\/\",\"url\":\"https:\\\/\\\/zelena-tocka.si\\\/ptujski-luk\\\/o-luku\\\/\",\"name\":\"O l\u00fcku - Ptujski l\u00fck\",\"isPartOf\":{\"@id\":\"https:\\\/\\\/zelena-tocka.si\\\/ptujski-luk\\\/#website\"},\"datePublished\":\"2017-07-20T07:51:55+00:00\",\"dateModified\":\"2018-01-26T11:36:14+00:00\",\"breadcrumb\":{\"@id\":\"https:\\\/\\\/zelena-tocka.si\\\/ptujski-luk\\\/o-luku\\\/#breadcrumb\"},\"inLanguage\":\"sl-SI\",\"potentialAction\":[{\"@type\":\"ReadAction\",\"target\":[\"https:\\\/\\\/zelena-tocka.si\\\/ptujski-luk\\\/o-luku\\\/\"]}]},{\"@type\":\"BreadcrumbList\",\"@id\":\"https:\\\/\\\/zelena-tocka.si\\\/ptujski-luk\\\/o-luku\\\/#breadcrumb\",\"itemListElement\":[{\"@type\":\"ListItem\",\"position\":1,\"name\":\"Home\",\"item\":\"https:\\\/\\\/zelena-tocka.si\\\/ptujski-luk\\\/\"},{\"@type\":\"ListItem\",\"position\":2,\"name\":\"O l\u00fcku\"}]},{\"@type\":\"WebSite\",\"@id\":\"https:\\\/\\\/zelena-tocka.si\\\/ptujski-luk\\\/#website\",\"url\":\"https:\\\/\\\/zelena-tocka.si\\\/ptujski-luk\\\/\",\"name\":\"Ptujski l\u00fck\",\"description\":\"Kralj \u010debul\",\"publisher\":{\"@id\":\"https:\\\/\\\/zelena-tocka.si\\\/ptujski-luk\\\/#organization\"},\"potentialAction\":[{\"@type\":\"SearchAction\",\"target\":{\"@type\":\"EntryPoint\",\"urlTemplate\":\"https:\\\/\\\/zelena-tocka.si\\\/ptujski-luk\\\/?s={search_term_string}\"},\"query-input\":{\"@type\":\"PropertyValueSpecification\",\"valueRequired\":true,\"valueName\":\"search_term_string\"}}],\"inLanguage\":\"sl-SI\"},{\"@type\":\"Organization\",\"@id\":\"https:\\\/\\\/zelena-tocka.si\\\/ptujski-luk\\\/#organization\",\"name\":\"Ptujski l\u00fck\",\"url\":\"https:\\\/\\\/zelena-tocka.si\\\/ptujski-luk\\\/\",\"logo\":{\"@type\":\"ImageObject\",\"inLanguage\":\"sl-SI\",\"@id\":\"https:\\\/\\\/zelena-tocka.si\\\/ptujski-luk\\\/#\\\/schema\\\/logo\\\/image\\\/\",\"url\":\"https:\\\/\\\/zelena-tocka.si\\\/ptujski-luk\\\/wp-content\\\/uploads\\\/2018\\\/02\\\/cropped-logo_web.png\",\"contentUrl\":\"https:\\\/\\\/zelena-tocka.si\\\/ptujski-luk\\\/wp-content\\\/uploads\\\/2018\\\/02\\\/cropped-logo_web.png\",\"width\":500,\"height\":150,\"caption\":\"Ptujski l\u00fck\"},\"image\":{\"@id\":\"https:\\\/\\\/zelena-tocka.si\\\/ptujski-luk\\\/#\\\/schema\\\/logo\\\/image\\\/\"}}]}<\/script>\n<!-- \/ Yoast SEO plugin. -->","yoast_head_json":{"title":"O l\u00fcku - Ptujski l\u00fck","robots":{"index":"index","follow":"follow","max-snippet":"max-snippet:-1","max-image-preview":"max-image-preview:large","max-video-preview":"max-video-preview:-1"},"canonical":"https:\/\/zelena-tocka.si\/ptujski-luk\/o-luku\/","og_locale":"sl_SI","og_type":"article","og_title":"O l\u00fcku - Ptujski l\u00fck","og_description":"[vc_row][vc_column][vc_custom_heading text=&#8221;KRALJ \u010cEBUL in evropska posebnost&#8221; font_container=&#8221;tag:h3|text_align:left|color:%23b22e20&#8243; use_theme_fonts=&#8221;yes&#8221;][vc_column_text]\u017de 200 let ga ro\u010dno pridelujejo, pobirajo in spletajo v vence. Je tak\u0161en, kot je bil neko\u010d. Njegov okus, ostrina in kakovost ga uvr\u0161\u010dajo med sam vrh med \u010debulami. Zaradi tradicije pridelave in porekla si je Ptujski l\u00fck prislu\u017eil shemo posebne kakovosti Za\u0161\u010ditena geografska ozna\u010dba, ki ga uvr\u0161\u010da [...]Preberi ve\u010d \u00bb","og_url":"https:\/\/zelena-tocka.si\/ptujski-luk\/o-luku\/","og_site_name":"Ptujski l\u00fck","article_modified_time":"2018-01-26T11:36:14+00:00","twitter_card":"summary_large_image","twitter_misc":{"Est. reading time":"3 minute"},"schema":{"@context":"https:\/\/schema.org","@graph":[{"@type":"WebPage","@id":"https:\/\/zelena-tocka.si\/ptujski-luk\/o-luku\/","url":"https:\/\/zelena-tocka.si\/ptujski-luk\/o-luku\/","name":"O l\u00fcku - Ptujski l\u00fck","isPartOf":{"@id":"https:\/\/zelena-tocka.si\/ptujski-luk\/#website"},"datePublished":"2017-07-20T07:51:55+00:00","dateModified":"2018-01-26T11:36:14+00:00","breadcrumb":{"@id":"https:\/\/zelena-tocka.si\/ptujski-luk\/o-luku\/#breadcrumb"},"inLanguage":"sl-SI","potentialAction":[{"@type":"ReadAction","target":["https:\/\/zelena-tocka.si\/ptujski-luk\/o-luku\/"]}]},{"@type":"BreadcrumbList","@id":"https:\/\/zelena-tocka.si\/ptujski-luk\/o-luku\/#breadcrumb","itemListElement":[{"@type":"ListItem","position":1,"name":"Home","item":"https:\/\/zelena-tocka.si\/ptujski-luk\/"},{"@type":"ListItem","position":2,"name":"O l\u00fcku"}]},{"@type":"WebSite","@id":"https:\/\/zelena-tocka.si\/ptujski-luk\/#website","url":"https:\/\/zelena-tocka.si\/ptujski-luk\/","name":"Ptujski l\u00fck","description":"Kralj \u010debul","publisher":{"@id":"https:\/\/zelena-tocka.si\/ptujski-luk\/#organization"},"potentialAction":[{"@type":"SearchAction","target":{"@type":"EntryPoint","urlTemplate":"https:\/\/zelena-tocka.si\/ptujski-luk\/?s={search_term_string}"},"query-input":{"@type":"PropertyValueSpecification","valueRequired":true,"valueName":"search_term_string"}}],"inLanguage":"sl-SI"},{"@type":"Organization","@id":"https:\/\/zelena-tocka.si\/ptujski-luk\/#organization","name":"Ptujski l\u00fck","url":"https:\/\/zelena-tocka.si\/ptujski-luk\/","logo":{"@type":"ImageObject","inLanguage":"sl-SI","@id":"https:\/\/zelena-tocka.si\/ptujski-luk\/#\/schema\/logo\/image\/","url":"https:\/\/zelena-tocka.si\/ptujski-luk\/wp-content\/uploads\/2018\/02\/cropped-logo_web.png","contentUrl":"https:\/\/zelena-tocka.si\/ptujski-luk\/wp-content\/uploads\/2018\/02\/cropped-logo_web.png","width":500,"height":150,"caption":"Ptujski l\u00fck"},"image":{"@id":"https:\/\/zelena-tocka.si\/ptujski-luk\/#\/schema\/logo\/image\/"}}]}},"_links":{"self":[{"href":"https:\/\/zelena-tocka.si\/ptujski-luk\/wp-json\/wp\/v2\/pages\/6","targetHints":{"allow":["GET"]}}],"collection":[{"href":"https:\/\/zelena-tocka.si\/ptujski-luk\/wp-json\/wp\/v2\/pages"}],"about":[{"href":"https:\/\/zelena-tocka.si\/ptujski-luk\/wp-json\/wp\/v2\/types\/page"}],"author":[{"embeddable":true,"href":"https:\/\/zelena-tocka.si\/ptujski-luk\/wp-json\/wp\/v2\/users\/4"}],"replies":[{"embeddable":true,"href":"https:\/\/zelena-tocka.si\/ptujski-luk\/wp-json\/wp\/v2\/comments?post=6"}],"version-history":[{"count":17,"href":"https:\/\/zelena-tocka.si\/ptujski-luk\/wp-json\/wp\/v2\/pages\/6\/revisions"}],"predecessor-version":[{"id":300,"href":"https:\/\/zelena-tocka.si\/ptujski-luk\/wp-json\/wp\/v2\/pages\/6\/revisions\/300"}],"wp:attachment":[{"href":"https:\/\/zelena-tocka.si\/ptujski-luk\/wp-json\/wp\/v2\/media?parent=6"}],"curies":[{"name":"wp","href":"https:\/\/api.w.org\/{rel}","templated":true}]}}