{"id":215,"date":"2018-01-26T08:24:30","date_gmt":"2018-01-26T08:24:30","guid":{"rendered":"http:\/\/zelena-tocka.si\/ptujski-luk\/?page_id=215"},"modified":"2018-01-26T13:34:20","modified_gmt":"2018-01-26T13:34:20","slug":"lukarske-kmetije","status":"publish","type":"page","link":"https:\/\/zelena-tocka.si\/ptujski-luk\/lukarske-kmetije\/","title":{"rendered":"L\u00fckarske kmetije"},"content":{"rendered":"<p>[vc_row][vc_column][vc_column_text]Neko\u010d vir pre\u017eivetja dru\u017ein na Ptujskem polju, danes pa del ohranjanja tradicije je l\u00fck \u0161e vedno plod pridnih rok l\u00fckarjev, saj je vso delo v ve\u010dini \u0161e ro\u010dno. Na Ptujskem polju ta pravi pristni Ptuski l\u00fck po originalnem postopku in certifikatu sheme Za\u0161\u010ditena geografska ozna\u010dba prideluje samo \u0161e 6 dru\u017ein.<\/p>\n<p>Vendar pa skupno zasadijo preko 1 milijon \u010debul\u010dkov in pridelajo preko 100 ton Ptujskega l\u00fcka.[\/vc_column_text][\/vc_column][\/vc_row][vc_row][vc_column][vc_custom_heading text=&#8221;Kmetija Erhati\u010d&#8221; font_container=&#8221;tag:h3|text_align:left|color:%23b22e20&#8243; use_theme_fonts=&#8221;yes&#8221;][vc_column_text]Kmetija Erhati\u010d od leta 2007 prideluje po na\u010delih integrirane pridelave. Nosilec KMG je od leta 1994 Janko Erhati\u010d. Usmerjena v panogo \u017eivinoreje, poljedelstva in delno vrtnin ter obsega 24ha obdelovalnih zemlji\u0161\u010d. Dru\u017eina Erhati\u010d na kmetiji trenutno redi 10 krav molznic, ter ostalo govedo. Kmetija \u0161teje 4 dru\u017einske \u010dlane.<\/p>\n<p>Strankam zmeraj nudimo, najbolj\u0161o kvaliteto pridelkov predvsem pri ptujskem l\u00fcki, krompirju in rde\u010di pesi kateri zahtevajo od nas najve\u010d pozornosti.<\/p>\n<p>[\/vc_column_text][\/vc_column][\/vc_row][vc_row][vc_column width=&#8221;1\/2&#8243;][vc_single_image image=&#8221;216&#8243; img_size=&#8221;full&#8221; alignment=&#8221;center&#8221; onclick=&#8221;link_image&#8221;][\/vc_column][vc_column width=&#8221;1\/2&#8243;][vc_single_image image=&#8221;218&#8243; img_size=&#8221;full&#8221; onclick=&#8221;link_image&#8221;][vc_single_image image=&#8221;219&#8243; img_size=&#8221;full&#8221; alignment=&#8221;center&#8221; onclick=&#8221;link_image&#8221;][\/vc_column][\/vc_row][vc_row][vc_column][vc_custom_heading text=&#8221;Kmetija Klinc Miran&#8221; font_container=&#8221;tag:h3|text_align:left|color:%23b22e20&#8243; use_theme_fonts=&#8221;yes&#8221;][vc_column_text]Kmetija Klinc se nahaja v Gori\u0161nici, s pridelavo Ptujskega l\u00fcka z za\u0161\u010diteno geografsko ozna\u010dbo se ukvarja \u017ee mnogo let.[\/vc_column_text][vc_single_image image=&#8221;222&#8243; img_size=&#8221;full&#8221; alignment=&#8221;center&#8221; onclick=&#8221;link_image&#8221;][\/vc_column][\/vc_row][vc_row][vc_column][vc_custom_heading text=&#8221;Kmetija Majeri\u010d Branko in Vasja&#8221; font_container=&#8221;tag:h3|text_align:left|color:%23b22e20&#8243; use_theme_fonts=&#8221;yes&#8221;][vc_column_text]Kmetija Majeri\u010d le\u017ei v osr\u010dju L\u00fckarije &#8211; Ptujskega polja in sicer natan\u010dneje v Mo\u0161kanjcih. Kmetija z dolgoletno tradicijo \u0161e danes obdeluje kmetijske povr\u0161ine na katerih zraven polj\u0161\u010din (p\u0161enica, koruza, son\u010dnica, oljna ogr\u0161\u010dica) pridelujemo \u0161e dve vrsti zelenjave. Belo zelje za predelavo in sicer za kisanje, ter ve\u010d kot 200 let staro avtohtono sorto rde\u010de \u010debule, imenovano \u00bbPtujski l\u00fck\u00ab. Ker je Ptujski l\u00fck zgodovinska posebnost in tradicija na Ptujskem polju vlagamo \u0161e posebej veliko truda v njeno pridelavo, saj \u017eelimo Ptujski l\u00fck ohraniti za naslednje generacije. Vam potro\u0161nikom pa \u017eelimo ponuditi doma\u010di pridelek vzgojen v slovenski zemlji in sicer kot prvo vrtnino v Sloveniji, ki je pridobila certifikat z geografsko za\u0161\u010dito in z decembrom 2011 tudi evropski za\u0161\u010ditni znak . Pridelava vrtnin na na\u0161i kmetiji poteka kontrolirano vse od leta 2002 naprej, na to\u010dno dolo\u010denih poljih s strogim upo\u0161tevanjem kolobarja in dobre kmetijske prakse.[\/vc_column_text][vc_single_image image=&#8221;229&#8243; img_size=&#8221;full&#8221; onclick=&#8221;link_image&#8221;][\/vc_column][\/vc_row][vc_row][vc_column][vc_custom_heading text=&#8221;Kmetija Petrovi\u010d Anica&#8221; font_container=&#8221;tag:h3|text_align:left|color:%23b22e20&#8243; use_theme_fonts=&#8221;yes&#8221;][vc_column_text]Nahajamo se na Ptujskem polju, natan\u010dneje v kraju Prvenci. Smo manj\u0161a me\u0161a kmetija, ukvarjamo se tako z \u017eivinorejo kot tudi s pridelavo polj\u0161\u010din. Ptujski l\u00fck pridelujemo \u017ee 7 let, certifikat geografska ozna\u010dba pa smo pridobili pred 3 leti. Nad pridelavo Ptujskega l\u00fcka nas je navdu\u0161il pridelovalce Miran Klinc, pri pridelavi sodeluje vsa dru\u017eina.[\/vc_column_text][vc_single_image image=&#8221;234&#8243; img_size=&#8221;full&#8221; onclick=&#8221;link_image&#8221;][\/vc_column][\/vc_row][vc_row][vc_column][vc_custom_heading text=&#8221;Kmetija Pignar&#8221; font_container=&#8221;tag:h3|text_align:left|color:%23b22e20&#8243; use_theme_fonts=&#8221;yes&#8221;][vc_column_text]Kmetija Pignar Slavice se nahaja v kraju Zamu\u0161ani, kjer Ptujski l\u00fck pridelujejo na naravi prijazen na\u010din.[\/vc_column_text][vc_single_image image=&#8221;233&#8243; img_size=&#8221;full&#8221; onclick=&#8221;link_image&#8221;][vc_row_inner][vc_column_inner width=&#8221;1\/3&#8243;][vc_single_image image=&#8221;232&#8243; img_size=&#8221;full&#8221; onclick=&#8221;link_image&#8221;][\/vc_column_inner][vc_column_inner width=&#8221;1\/3&#8243;][vc_single_image image=&#8221;231&#8243; img_size=&#8221;full&#8221; onclick=&#8221;link_image&#8221;][\/vc_column_inner][vc_column_inner width=&#8221;1\/3&#8243;][vc_single_image image=&#8221;230&#8243; img_size=&#8221;full&#8221; onclick=&#8221;link_image&#8221;][\/vc_column_inner][\/vc_row_inner][\/vc_column][\/vc_row][vc_row][vc_column][vc_custom_heading text=&#8221;Janez Horvat \u2013 Go\u010dlova kmetija&#8221; font_container=&#8221;tag:h3|text_align:left|color:%23b22e20&#8243; use_theme_fonts=&#8221;yes&#8221;][vc_column_text]Go\u010dlova kmetija je ena najstarej\u0161ih lukarskih kmetij in je danes za\u0161\u010ditena kulturna dedi\u0161\u010dina.\u00a0 Le\u017ei v osr\u010dju L\u00fckarije &#8211; Ptujskega polja v ob\u010dini Gori\u0161nica, natan\u010dneje v vasi Zagoji\u010di pri kapelici. Po zgodovinskih zapisih se ime kmetije GO\u010cLOVI pojavlja \u017ee leta 1322 in tukaj so na\u0161i predniki \u017ee pred 300 leti pridelovali Ptujski l\u00fck. Vozili so ga s konjsko vprego na vozeh na plac (tr\u017enico) v Maribor in Ptuj, spletenega v KRENCE (vence-kite) ali v vre\u010dah rinfuzo na kg. Po pripovedovanju babice so ga prodajali tudi gospodi na Dunaj.[\/vc_column_text][vc_single_image image=&#8221;223&#8243; img_size=&#8221;full&#8221; onclick=&#8221;link_image&#8221;][vc_single_image image=&#8221;224&#8243; img_size=&#8221;full&#8221; onclick=&#8221;link_image&#8221;][vc_column_text]Danes l\u00fckarska kmetija \u0161teje veliko dru\u017einskih \u010dlanov, ki vsi zvesto ohranjamo tradicijo pridelave in pletenja vencev. Pletenje l\u00fcka (\u010debule) v krence je na\u0161a tradicija na Go\u010dlovi kmetiji. Prodaja Ptujskega L\u00dcKA na Go\u010dlovi kmetiji se pri\u010dne konec avgusta pa vse do za\u010detka meseca marca. Prodajamo ga v tradicionalnih KRENCIH (vencih-kitah), to je skupaj spletenih 12 l\u00fckov (\u010debul), v okrasni zaboj\u010dkih primernih za razne prilo\u017enosti in v rinfuzi, razli\u010dno pakirano na \u017eeljo kupca. Vam potro\u0161nikom pa \u017eelimo in pridelujemo zdravo in varno hrano. Obi\u0161\u010dite nas![\/vc_column_text][vc_single_image image=&#8221;225&#8243; img_size=&#8221;full&#8221; onclick=&#8221;link_image&#8221;][vc_row_inner][vc_column_inner width=&#8221;1\/2&#8243;][vc_single_image image=&#8221;226&#8243; img_size=&#8221;full&#8221; onclick=&#8221;link_image&#8221;][\/vc_column_inner][vc_column_inner width=&#8221;1\/2&#8243;][vc_single_image image=&#8221;227&#8243; img_size=&#8221;full&#8221; onclick=&#8221;link_image&#8221;][\/vc_column_inner][\/vc_row_inner][vc_single_image image=&#8221;228&#8243; img_size=&#8221;full&#8221; onclick=&#8221;link_image&#8221;][\/vc_column][\/vc_row]<\/p>\n","protected":false},"excerpt":{"rendered":"<p>[vc_row][vc_column][vc_column_text]Neko\u010d vir pre\u017eivetja dru\u017ein na Ptujskem polju, danes pa del ohranjanja tradicije je l\u00fck \u0161e vedno plod pridnih rok l\u00fckarjev, saj je vso delo v ve\u010dini \u0161e ro\u010dno. Na Ptujskem polju ta pravi pristni Ptuski l\u00fck po originalnem postopku in certifikatu sheme Za\u0161\u010ditena geografska ozna\u010dba prideluje samo \u0161e 6 dru\u017ein. Vendar pa skupno zasadijo preko [&#8230;]<\/p>\n<p><a class=\"btn btn-secondary understrap-read-more-link\" href=\"https:\/\/zelena-tocka.si\/ptujski-luk\/lukarske-kmetije\/\">Preberi ve\u010d \u00bb<\/a><\/p>\n","protected":false},"author":4,"featured_media":0,"parent":0,"menu_order":0,"comment_status":"closed","ping_status":"closed","template":"page-templates\/right-sidebarpage.php","meta":{"footnotes":""},"class_list":["post-215","page","type-page","status-publish","hentry"],"yoast_head":"<!-- This site is optimized with the Yoast SEO plugin v27.3 - https:\/\/yoast.com\/product\/yoast-seo-wordpress\/ -->\n<title>L\u00fckarske kmetije - Ptujski l\u00fck<\/title>\n<meta name=\"robots\" content=\"index, follow, max-snippet:-1, max-image-preview:large, max-video-preview:-1\" \/>\n<link rel=\"canonical\" href=\"https:\/\/zelena-tocka.si\/ptujski-luk\/lukarske-kmetije\/\" \/>\n<meta property=\"og:locale\" content=\"sl_SI\" \/>\n<meta property=\"og:type\" content=\"article\" \/>\n<meta property=\"og:title\" content=\"L\u00fckarske kmetije - Ptujski l\u00fck\" \/>\n<meta property=\"og:description\" content=\"[vc_row][vc_column][vc_column_text]Neko\u010d vir pre\u017eivetja dru\u017ein na Ptujskem polju, danes pa del ohranjanja tradicije je l\u00fck \u0161e vedno plod pridnih rok l\u00fckarjev, saj je vso delo v ve\u010dini \u0161e ro\u010dno. Na Ptujskem polju ta pravi pristni Ptuski l\u00fck po originalnem postopku in certifikatu sheme Za\u0161\u010ditena geografska ozna\u010dba prideluje samo \u0161e 6 dru\u017ein. Vendar pa skupno zasadijo preko [...]Preberi ve\u010d \u00bb\" \/>\n<meta property=\"og:url\" content=\"https:\/\/zelena-tocka.si\/ptujski-luk\/lukarske-kmetije\/\" \/>\n<meta property=\"og:site_name\" content=\"Ptujski l\u00fck\" \/>\n<meta property=\"article:modified_time\" content=\"2018-01-26T13:34:20+00:00\" \/>\n<meta name=\"twitter:card\" content=\"summary_large_image\" \/>\n<meta name=\"twitter:label1\" content=\"Est. reading time\" \/>\n\t<meta name=\"twitter:data1\" content=\"5 minut\" \/>\n<script type=\"application\/ld+json\" class=\"yoast-schema-graph\">{\"@context\":\"https:\\\/\\\/schema.org\",\"@graph\":[{\"@type\":\"WebPage\",\"@id\":\"https:\\\/\\\/zelena-tocka.si\\\/ptujski-luk\\\/lukarske-kmetije\\\/\",\"url\":\"https:\\\/\\\/zelena-tocka.si\\\/ptujski-luk\\\/lukarske-kmetije\\\/\",\"name\":\"L\u00fckarske kmetije - Ptujski l\u00fck\",\"isPartOf\":{\"@id\":\"https:\\\/\\\/zelena-tocka.si\\\/ptujski-luk\\\/#website\"},\"datePublished\":\"2018-01-26T08:24:30+00:00\",\"dateModified\":\"2018-01-26T13:34:20+00:00\",\"breadcrumb\":{\"@id\":\"https:\\\/\\\/zelena-tocka.si\\\/ptujski-luk\\\/lukarske-kmetije\\\/#breadcrumb\"},\"inLanguage\":\"sl-SI\",\"potentialAction\":[{\"@type\":\"ReadAction\",\"target\":[\"https:\\\/\\\/zelena-tocka.si\\\/ptujski-luk\\\/lukarske-kmetije\\\/\"]}]},{\"@type\":\"BreadcrumbList\",\"@id\":\"https:\\\/\\\/zelena-tocka.si\\\/ptujski-luk\\\/lukarske-kmetije\\\/#breadcrumb\",\"itemListElement\":[{\"@type\":\"ListItem\",\"position\":1,\"name\":\"Home\",\"item\":\"https:\\\/\\\/zelena-tocka.si\\\/ptujski-luk\\\/\"},{\"@type\":\"ListItem\",\"position\":2,\"name\":\"L\u00fckarske kmetije\"}]},{\"@type\":\"WebSite\",\"@id\":\"https:\\\/\\\/zelena-tocka.si\\\/ptujski-luk\\\/#website\",\"url\":\"https:\\\/\\\/zelena-tocka.si\\\/ptujski-luk\\\/\",\"name\":\"Ptujski l\u00fck\",\"description\":\"Kralj \u010debul\",\"publisher\":{\"@id\":\"https:\\\/\\\/zelena-tocka.si\\\/ptujski-luk\\\/#organization\"},\"potentialAction\":[{\"@type\":\"SearchAction\",\"target\":{\"@type\":\"EntryPoint\",\"urlTemplate\":\"https:\\\/\\\/zelena-tocka.si\\\/ptujski-luk\\\/?s={search_term_string}\"},\"query-input\":{\"@type\":\"PropertyValueSpecification\",\"valueRequired\":true,\"valueName\":\"search_term_string\"}}],\"inLanguage\":\"sl-SI\"},{\"@type\":\"Organization\",\"@id\":\"https:\\\/\\\/zelena-tocka.si\\\/ptujski-luk\\\/#organization\",\"name\":\"Ptujski l\u00fck\",\"url\":\"https:\\\/\\\/zelena-tocka.si\\\/ptujski-luk\\\/\",\"logo\":{\"@type\":\"ImageObject\",\"inLanguage\":\"sl-SI\",\"@id\":\"https:\\\/\\\/zelena-tocka.si\\\/ptujski-luk\\\/#\\\/schema\\\/logo\\\/image\\\/\",\"url\":\"https:\\\/\\\/zelena-tocka.si\\\/ptujski-luk\\\/wp-content\\\/uploads\\\/2018\\\/02\\\/cropped-logo_web.png\",\"contentUrl\":\"https:\\\/\\\/zelena-tocka.si\\\/ptujski-luk\\\/wp-content\\\/uploads\\\/2018\\\/02\\\/cropped-logo_web.png\",\"width\":500,\"height\":150,\"caption\":\"Ptujski l\u00fck\"},\"image\":{\"@id\":\"https:\\\/\\\/zelena-tocka.si\\\/ptujski-luk\\\/#\\\/schema\\\/logo\\\/image\\\/\"}}]}<\/script>\n<!-- \/ Yoast SEO plugin. -->","yoast_head_json":{"title":"L\u00fckarske kmetije - Ptujski l\u00fck","robots":{"index":"index","follow":"follow","max-snippet":"max-snippet:-1","max-image-preview":"max-image-preview:large","max-video-preview":"max-video-preview:-1"},"canonical":"https:\/\/zelena-tocka.si\/ptujski-luk\/lukarske-kmetije\/","og_locale":"sl_SI","og_type":"article","og_title":"L\u00fckarske kmetije - Ptujski l\u00fck","og_description":"[vc_row][vc_column][vc_column_text]Neko\u010d vir pre\u017eivetja dru\u017ein na Ptujskem polju, danes pa del ohranjanja tradicije je l\u00fck \u0161e vedno plod pridnih rok l\u00fckarjev, saj je vso delo v ve\u010dini \u0161e ro\u010dno. Na Ptujskem polju ta pravi pristni Ptuski l\u00fck po originalnem postopku in certifikatu sheme Za\u0161\u010ditena geografska ozna\u010dba prideluje samo \u0161e 6 dru\u017ein. Vendar pa skupno zasadijo preko [...]Preberi ve\u010d \u00bb","og_url":"https:\/\/zelena-tocka.si\/ptujski-luk\/lukarske-kmetije\/","og_site_name":"Ptujski l\u00fck","article_modified_time":"2018-01-26T13:34:20+00:00","twitter_card":"summary_large_image","twitter_misc":{"Est. reading time":"5 minut"},"schema":{"@context":"https:\/\/schema.org","@graph":[{"@type":"WebPage","@id":"https:\/\/zelena-tocka.si\/ptujski-luk\/lukarske-kmetije\/","url":"https:\/\/zelena-tocka.si\/ptujski-luk\/lukarske-kmetije\/","name":"L\u00fckarske kmetije - Ptujski l\u00fck","isPartOf":{"@id":"https:\/\/zelena-tocka.si\/ptujski-luk\/#website"},"datePublished":"2018-01-26T08:24:30+00:00","dateModified":"2018-01-26T13:34:20+00:00","breadcrumb":{"@id":"https:\/\/zelena-tocka.si\/ptujski-luk\/lukarske-kmetije\/#breadcrumb"},"inLanguage":"sl-SI","potentialAction":[{"@type":"ReadAction","target":["https:\/\/zelena-tocka.si\/ptujski-luk\/lukarske-kmetije\/"]}]},{"@type":"BreadcrumbList","@id":"https:\/\/zelena-tocka.si\/ptujski-luk\/lukarske-kmetije\/#breadcrumb","itemListElement":[{"@type":"ListItem","position":1,"name":"Home","item":"https:\/\/zelena-tocka.si\/ptujski-luk\/"},{"@type":"ListItem","position":2,"name":"L\u00fckarske kmetije"}]},{"@type":"WebSite","@id":"https:\/\/zelena-tocka.si\/ptujski-luk\/#website","url":"https:\/\/zelena-tocka.si\/ptujski-luk\/","name":"Ptujski l\u00fck","description":"Kralj \u010debul","publisher":{"@id":"https:\/\/zelena-tocka.si\/ptujski-luk\/#organization"},"potentialAction":[{"@type":"SearchAction","target":{"@type":"EntryPoint","urlTemplate":"https:\/\/zelena-tocka.si\/ptujski-luk\/?s={search_term_string}"},"query-input":{"@type":"PropertyValueSpecification","valueRequired":true,"valueName":"search_term_string"}}],"inLanguage":"sl-SI"},{"@type":"Organization","@id":"https:\/\/zelena-tocka.si\/ptujski-luk\/#organization","name":"Ptujski l\u00fck","url":"https:\/\/zelena-tocka.si\/ptujski-luk\/","logo":{"@type":"ImageObject","inLanguage":"sl-SI","@id":"https:\/\/zelena-tocka.si\/ptujski-luk\/#\/schema\/logo\/image\/","url":"https:\/\/zelena-tocka.si\/ptujski-luk\/wp-content\/uploads\/2018\/02\/cropped-logo_web.png","contentUrl":"https:\/\/zelena-tocka.si\/ptujski-luk\/wp-content\/uploads\/2018\/02\/cropped-logo_web.png","width":500,"height":150,"caption":"Ptujski l\u00fck"},"image":{"@id":"https:\/\/zelena-tocka.si\/ptujski-luk\/#\/schema\/logo\/image\/"}}]}},"_links":{"self":[{"href":"https:\/\/zelena-tocka.si\/ptujski-luk\/wp-json\/wp\/v2\/pages\/215","targetHints":{"allow":["GET"]}}],"collection":[{"href":"https:\/\/zelena-tocka.si\/ptujski-luk\/wp-json\/wp\/v2\/pages"}],"about":[{"href":"https:\/\/zelena-tocka.si\/ptujski-luk\/wp-json\/wp\/v2\/types\/page"}],"author":[{"embeddable":true,"href":"https:\/\/zelena-tocka.si\/ptujski-luk\/wp-json\/wp\/v2\/users\/4"}],"replies":[{"embeddable":true,"href":"https:\/\/zelena-tocka.si\/ptujski-luk\/wp-json\/wp\/v2\/comments?post=215"}],"version-history":[{"count":12,"href":"https:\/\/zelena-tocka.si\/ptujski-luk\/wp-json\/wp\/v2\/pages\/215\/revisions"}],"predecessor-version":[{"id":308,"href":"https:\/\/zelena-tocka.si\/ptujski-luk\/wp-json\/wp\/v2\/pages\/215\/revisions\/308"}],"wp:attachment":[{"href":"https:\/\/zelena-tocka.si\/ptujski-luk\/wp-json\/wp\/v2\/media?parent=215"}],"curies":[{"name":"wp","href":"https:\/\/api.w.org\/{rel}","templated":true}]}}