{"id":1183,"date":"2017-07-20T07:53:22","date_gmt":"2017-07-20T07:53:22","guid":{"rendered":"http:\/\/www.zelena-tocka.si\/ptujski-luk\/prodajna-mesta\/"},"modified":"2019-12-24T14:58:51","modified_gmt":"2019-12-24T14:58:51","slug":"prodajna-mjesta","status":"publish","type":"page","link":"https:\/\/zelena-tocka.si\/ptujski-luk\/hr\/prodajna-mjesta\/","title":{"rendered":"Prodajna mjesta"},"content":{"rendered":"<p>[vc_row][vc_column width=&#8221;1\/2&#8243;][vc_column_text]<strong>Vasja Majeri\u010d<\/strong><br \/>\nMo\u0161kanjci 23<br \/>\n2272 Gori\u0161nica<br \/>\ntel.: 031 331 989<br \/>\ntel.: 041 359 001<br \/>\nmail: majeric.vasja@gmail.com<\/p>\n<p><strong>Miran Klinc<\/strong><br \/>\nGori\u0161nica 45<br \/>\n2272 Gori\u0161nica<br \/>\ntel.: 031 672 068<br \/>\nmail: miran.klinc@ormoz.si<\/p>\n<p><strong>Mitja Pignar<br \/>\n<\/strong>Zamu\u0161ani 16<br \/>\n2272 Gori\u0161nica<br \/>\ntel.: 040 210 139<br \/>\ntel.: 031 382 935<br \/>\nmail: mitja.pignar@gmail.com[\/vc_column_text][\/vc_column][vc_column width=&#8221;1\/2&#8243;][vc_column_text]<strong>Janko Erhati\u010d<\/strong><br \/>\nOslu\u0161evci 41<br \/>\n2273 Podgorci<br \/>\ntel.: 051 324 432<br \/>\nmail: info@kmetija-erhatic.si<\/p>\n<p><strong>Anica Petrivi\u010d<\/strong><br \/>\nPrvenci 16<br \/>\n2281 Markovci<br \/>\ntel.: 051 335 249<br \/>\nmail: nincie.petrovic@gmail.com<\/p>\n<p><strong>Janez Horvat<\/strong><br \/>\nZagoji\u010di 15<br \/>\n2272 Gori\u0161nica<br \/>\ntel:041 611 404<br \/>\nmail: ptujskiluk.janezhorvat@siol.net[\/vc_column_text][\/vc_column][\/vc_row][vc_row][vc_column][vc_column_text el_class=&#8221;with-border&#8221;]<\/p>\n<p style=\"text-align: center;\"><strong>Ptujski l\u00fck mo\u017eete kupiti kod uzgajiva\u010da osobno, <\/strong><\/p>\n<p style=\"text-align: center;\"><strong>u trgovinama Mercator, Leclerc, TU\u0160, SPAR i Zelena to\u010dka<\/strong><\/p>\n<p style=\"text-align: center;\"><strong>te u internetskoj trgovini <a href=\"https:\/\/lokalno.je\/\" target=\"_blank\" rel=\"noopener noreferrer\">lokalno.je<\/a>.<\/strong><\/p>\n<p>[\/vc_column_text][\/vc_column][\/vc_row]<\/p>\n","protected":false},"excerpt":{"rendered":"<p>[vc_row][vc_column width=&#8221;1\/2&#8243;][vc_column_text]Vasja Majeri\u010d Mo\u0161kanjci 23 2272 Gori\u0161nica tel.: 031 331 989 tel.: 041 359 001 mail: majeric.vasja@gmail.com Miran Klinc Gori\u0161nica 45 2272 Gori\u0161nica tel.: 031 672 068 mail: miran.klinc@ormoz.si Mitja Pignar Zamu\u0161ani 16 2272 Gori\u0161nica tel.: 040 210 139 tel.: 031 382 935 mail: mitja.pignar@gmail.com[\/vc_column_text][\/vc_column][vc_column width=&#8221;1\/2&#8243;][vc_column_text]Janko Erhati\u010d Oslu\u0161evci 41 2273 Podgorci tel.: 051 324 432 [&#8230;]<\/p>\n<p><a class=\"btn btn-secondary understrap-read-more-link\" href=\"https:\/\/zelena-tocka.si\/ptujski-luk\/hr\/prodajna-mjesta\/\">Preberi ve\u010d \u00bb<\/a><\/p>\n","protected":false},"author":4,"featured_media":0,"parent":0,"menu_order":0,"comment_status":"closed","ping_status":"closed","template":"page-templates\/right-sidebarpage.php","meta":{"footnotes":""},"class_list":["post-1183","page","type-page","status-publish","hentry"],"yoast_head":"<!-- This site is optimized with the Yoast SEO plugin v27.3 - https:\/\/yoast.com\/product\/yoast-seo-wordpress\/ -->\n<title>Prodajna mjesta - Ptujski l\u00fck<\/title>\n<meta name=\"robots\" content=\"index, follow, max-snippet:-1, max-image-preview:large, max-video-preview:-1\" \/>\n<link rel=\"canonical\" href=\"https:\/\/zelena-tocka.si\/ptujski-luk\/prodajna-mjesta\/\" \/>\n<meta property=\"og:locale\" content=\"sl_SI\" \/>\n<meta property=\"og:type\" content=\"article\" \/>\n<meta property=\"og:title\" content=\"Prodajna mjesta - Ptujski l\u00fck\" \/>\n<meta property=\"og:description\" content=\"[vc_row][vc_column width=&#8221;1\/2&#8243;][vc_column_text]Vasja Majeri\u010d Mo\u0161kanjci 23 2272 Gori\u0161nica tel.: 031 331 989 tel.: 041 359 001 mail: majeric.vasja@gmail.com Miran Klinc Gori\u0161nica 45 2272 Gori\u0161nica tel.: 031 672 068 mail: miran.klinc@ormoz.si Mitja Pignar Zamu\u0161ani 16 2272 Gori\u0161nica tel.: 040 210 139 tel.: 031 382 935 mail: mitja.pignar@gmail.com[\/vc_column_text][\/vc_column][vc_column width=&#8221;1\/2&#8243;][vc_column_text]Janko Erhati\u010d Oslu\u0161evci 41 2273 Podgorci tel.: 051 324 432 [...]Preberi ve\u010d \u00bb\" \/>\n<meta property=\"og:url\" content=\"https:\/\/zelena-tocka.si\/ptujski-luk\/hr\/prodajna-mjesta\/\" \/>\n<meta property=\"og:site_name\" content=\"Ptujski l\u00fck\" \/>\n<meta property=\"article:modified_time\" content=\"2019-12-24T14:58:51+00:00\" \/>\n<meta name=\"twitter:card\" content=\"summary_large_image\" \/>\n<meta name=\"twitter:label1\" content=\"Est. reading time\" \/>\n\t<meta name=\"twitter:data1\" content=\"1 minuta\" \/>\n<script type=\"application\/ld+json\" class=\"yoast-schema-graph\">{\"@context\":\"https:\\\/\\\/schema.org\",\"@graph\":[{\"@type\":\"WebPage\",\"@id\":\"https:\\\/\\\/zelena-tocka.si\\\/ptujski-luk\\\/hr\\\/prodajna-mjesta\\\/\",\"url\":\"https:\\\/\\\/zelena-tocka.si\\\/ptujski-luk\\\/hr\\\/prodajna-mjesta\\\/\",\"name\":\"Prodajna mjesta - Ptujski l\u00fck\",\"isPartOf\":{\"@id\":\"https:\\\/\\\/zelena-tocka.si\\\/ptujski-luk\\\/#website\"},\"datePublished\":\"2017-07-20T07:53:22+00:00\",\"dateModified\":\"2019-12-24T14:58:51+00:00\",\"breadcrumb\":{\"@id\":\"https:\\\/\\\/zelena-tocka.si\\\/ptujski-luk\\\/hr\\\/prodajna-mjesta\\\/#breadcrumb\"},\"inLanguage\":\"sl-SI\",\"potentialAction\":[{\"@type\":\"ReadAction\",\"target\":[\"https:\\\/\\\/zelena-tocka.si\\\/ptujski-luk\\\/hr\\\/prodajna-mjesta\\\/\"]}]},{\"@type\":\"BreadcrumbList\",\"@id\":\"https:\\\/\\\/zelena-tocka.si\\\/ptujski-luk\\\/hr\\\/prodajna-mjesta\\\/#breadcrumb\",\"itemListElement\":[{\"@type\":\"ListItem\",\"position\":1,\"name\":\"Home\",\"item\":\"https:\\\/\\\/zelena-tocka.si\\\/ptujski-luk\\\/\"},{\"@type\":\"ListItem\",\"position\":2,\"name\":\"Prodajna mjesta\"}]},{\"@type\":\"WebSite\",\"@id\":\"https:\\\/\\\/zelena-tocka.si\\\/ptujski-luk\\\/#website\",\"url\":\"https:\\\/\\\/zelena-tocka.si\\\/ptujski-luk\\\/\",\"name\":\"Ptujski l\u00fck\",\"description\":\"Kralj \u010debul\",\"publisher\":{\"@id\":\"https:\\\/\\\/zelena-tocka.si\\\/ptujski-luk\\\/#organization\"},\"potentialAction\":[{\"@type\":\"SearchAction\",\"target\":{\"@type\":\"EntryPoint\",\"urlTemplate\":\"https:\\\/\\\/zelena-tocka.si\\\/ptujski-luk\\\/?s={search_term_string}\"},\"query-input\":{\"@type\":\"PropertyValueSpecification\",\"valueRequired\":true,\"valueName\":\"search_term_string\"}}],\"inLanguage\":\"sl-SI\"},{\"@type\":\"Organization\",\"@id\":\"https:\\\/\\\/zelena-tocka.si\\\/ptujski-luk\\\/#organization\",\"name\":\"Ptujski l\u00fck\",\"url\":\"https:\\\/\\\/zelena-tocka.si\\\/ptujski-luk\\\/\",\"logo\":{\"@type\":\"ImageObject\",\"inLanguage\":\"sl-SI\",\"@id\":\"https:\\\/\\\/zelena-tocka.si\\\/ptujski-luk\\\/#\\\/schema\\\/logo\\\/image\\\/\",\"url\":\"https:\\\/\\\/zelena-tocka.si\\\/ptujski-luk\\\/wp-content\\\/uploads\\\/2018\\\/02\\\/cropped-logo_web.png\",\"contentUrl\":\"https:\\\/\\\/zelena-tocka.si\\\/ptujski-luk\\\/wp-content\\\/uploads\\\/2018\\\/02\\\/cropped-logo_web.png\",\"width\":500,\"height\":150,\"caption\":\"Ptujski l\u00fck\"},\"image\":{\"@id\":\"https:\\\/\\\/zelena-tocka.si\\\/ptujski-luk\\\/#\\\/schema\\\/logo\\\/image\\\/\"}}]}<\/script>\n<!-- \/ Yoast SEO plugin. -->","yoast_head_json":{"title":"Prodajna mjesta - Ptujski l\u00fck","robots":{"index":"index","follow":"follow","max-snippet":"max-snippet:-1","max-image-preview":"max-image-preview:large","max-video-preview":"max-video-preview:-1"},"canonical":"https:\/\/zelena-tocka.si\/ptujski-luk\/prodajna-mjesta\/","og_locale":"sl_SI","og_type":"article","og_title":"Prodajna mjesta - Ptujski l\u00fck","og_description":"[vc_row][vc_column width=&#8221;1\/2&#8243;][vc_column_text]Vasja Majeri\u010d Mo\u0161kanjci 23 2272 Gori\u0161nica tel.: 031 331 989 tel.: 041 359 001 mail: majeric.vasja@gmail.com Miran Klinc Gori\u0161nica 45 2272 Gori\u0161nica tel.: 031 672 068 mail: miran.klinc@ormoz.si Mitja Pignar Zamu\u0161ani 16 2272 Gori\u0161nica tel.: 040 210 139 tel.: 031 382 935 mail: mitja.pignar@gmail.com[\/vc_column_text][\/vc_column][vc_column width=&#8221;1\/2&#8243;][vc_column_text]Janko Erhati\u010d Oslu\u0161evci 41 2273 Podgorci tel.: 051 324 432 [...]Preberi ve\u010d \u00bb","og_url":"https:\/\/zelena-tocka.si\/ptujski-luk\/hr\/prodajna-mjesta\/","og_site_name":"Ptujski l\u00fck","article_modified_time":"2019-12-24T14:58:51+00:00","twitter_card":"summary_large_image","twitter_misc":{"Est. reading time":"1 minuta"},"schema":{"@context":"https:\/\/schema.org","@graph":[{"@type":"WebPage","@id":"https:\/\/zelena-tocka.si\/ptujski-luk\/hr\/prodajna-mjesta\/","url":"https:\/\/zelena-tocka.si\/ptujski-luk\/hr\/prodajna-mjesta\/","name":"Prodajna mjesta - Ptujski l\u00fck","isPartOf":{"@id":"https:\/\/zelena-tocka.si\/ptujski-luk\/#website"},"datePublished":"2017-07-20T07:53:22+00:00","dateModified":"2019-12-24T14:58:51+00:00","breadcrumb":{"@id":"https:\/\/zelena-tocka.si\/ptujski-luk\/hr\/prodajna-mjesta\/#breadcrumb"},"inLanguage":"sl-SI","potentialAction":[{"@type":"ReadAction","target":["https:\/\/zelena-tocka.si\/ptujski-luk\/hr\/prodajna-mjesta\/"]}]},{"@type":"BreadcrumbList","@id":"https:\/\/zelena-tocka.si\/ptujski-luk\/hr\/prodajna-mjesta\/#breadcrumb","itemListElement":[{"@type":"ListItem","position":1,"name":"Home","item":"https:\/\/zelena-tocka.si\/ptujski-luk\/"},{"@type":"ListItem","position":2,"name":"Prodajna mjesta"}]},{"@type":"WebSite","@id":"https:\/\/zelena-tocka.si\/ptujski-luk\/#website","url":"https:\/\/zelena-tocka.si\/ptujski-luk\/","name":"Ptujski l\u00fck","description":"Kralj \u010debul","publisher":{"@id":"https:\/\/zelena-tocka.si\/ptujski-luk\/#organization"},"potentialAction":[{"@type":"SearchAction","target":{"@type":"EntryPoint","urlTemplate":"https:\/\/zelena-tocka.si\/ptujski-luk\/?s={search_term_string}"},"query-input":{"@type":"PropertyValueSpecification","valueRequired":true,"valueName":"search_term_string"}}],"inLanguage":"sl-SI"},{"@type":"Organization","@id":"https:\/\/zelena-tocka.si\/ptujski-luk\/#organization","name":"Ptujski l\u00fck","url":"https:\/\/zelena-tocka.si\/ptujski-luk\/","logo":{"@type":"ImageObject","inLanguage":"sl-SI","@id":"https:\/\/zelena-tocka.si\/ptujski-luk\/#\/schema\/logo\/image\/","url":"https:\/\/zelena-tocka.si\/ptujski-luk\/wp-content\/uploads\/2018\/02\/cropped-logo_web.png","contentUrl":"https:\/\/zelena-tocka.si\/ptujski-luk\/wp-content\/uploads\/2018\/02\/cropped-logo_web.png","width":500,"height":150,"caption":"Ptujski l\u00fck"},"image":{"@id":"https:\/\/zelena-tocka.si\/ptujski-luk\/#\/schema\/logo\/image\/"}}]}},"_links":{"self":[{"href":"https:\/\/zelena-tocka.si\/ptujski-luk\/wp-json\/wp\/v2\/pages\/1183","targetHints":{"allow":["GET"]}}],"collection":[{"href":"https:\/\/zelena-tocka.si\/ptujski-luk\/wp-json\/wp\/v2\/pages"}],"about":[{"href":"https:\/\/zelena-tocka.si\/ptujski-luk\/wp-json\/wp\/v2\/types\/page"}],"author":[{"embeddable":true,"href":"https:\/\/zelena-tocka.si\/ptujski-luk\/wp-json\/wp\/v2\/users\/4"}],"replies":[{"embeddable":true,"href":"https:\/\/zelena-tocka.si\/ptujski-luk\/wp-json\/wp\/v2\/comments?post=1183"}],"version-history":[{"count":1,"href":"https:\/\/zelena-tocka.si\/ptujski-luk\/wp-json\/wp\/v2\/pages\/1183\/revisions"}],"predecessor-version":[{"id":1184,"href":"https:\/\/zelena-tocka.si\/ptujski-luk\/wp-json\/wp\/v2\/pages\/1183\/revisions\/1184"}],"wp:attachment":[{"href":"https:\/\/zelena-tocka.si\/ptujski-luk\/wp-json\/wp\/v2\/media?parent=1183"}],"curies":[{"name":"wp","href":"https:\/\/api.w.org\/{rel}","templated":true}]}}