{"id":1178,"date":"2017-07-20T07:52:39","date_gmt":"2017-07-20T07:52:39","guid":{"rendered":"http:\/\/www.zelena-tocka.si\/ptujski-luk\/nacin-pridelave\/"},"modified":"2019-12-24T14:57:15","modified_gmt":"2019-12-24T14:57:15","slug":"nacin-uzgoja","status":"publish","type":"page","link":"https:\/\/zelena-tocka.si\/ptujski-luk\/hr\/nacin-uzgoja\/","title":{"rendered":"Na\u010din uzgoja"},"content":{"rendered":"<p>[vc_row][vc_column][vc_custom_heading text=&#8221;Originalan je uzgojen ru\u010dno&#8221; font_container=&#8221;tag:h3|text_align:left|color:%23b22e20&#8243; use_theme_fonts=&#8221;yes&#8221;][vc_column_text]Ptujski l\u00fck sadi se, bere, sortira i pakira ru\u010dno. Certifikatom sheme posebne kvalitete za\u0161ti\u0107ena oznaka zemljopisnog podrijetla (ZOZP) zajam\u010dena je stalna kontrola uzgoja, podrijetla i autenti\u010dnosti poljoprivrednog usjeva. Postupak uzgoja strogo je odre\u0111en. Uzgoj od sjemena do ploda traje \u010dak 3 godine. Prirodan je usjev, neobra\u0111en sredstvima za trajanje. Zato se mo\u017ee dogoditi da \u0107e proklijati ako ga \u010duvate u toplom i svijetlom prostoru.[\/vc_column_text][vc_single_image image=&#8221;211&#8243; img_size=&#8221;full&#8221; alignment=&#8221;center&#8221;][vc_custom_heading text=&#8221;Sorta Ptujski crveni luk (sorta Ptujska rde\u010da)&#8221; font_container=&#8221;tag:h3|text_align:left|color:%23b22e20&#8243; use_theme_fonts=&#8221;yes&#8221;][vc_column_text]Ptujski l\u00fck upisan je na slovenskoj sortnoj listi kao sorta Ptujska rde\u010da. Naveden je i u katalogu sorti Europske unije i u opisu preporu\u010denih sorti usjeva te povr\u0107a koji je izdao Poljoprivredni institut Slovenije.[\/vc_column_text][vc_custom_heading text=&#8221;Uzgojen na Ptujskom polju&#8221; font_container=&#8221;tag:h3|text_align:left|color:%23b22e20&#8243; use_theme_fonts=&#8221;yes&#8221;][vc_column_text]Podru\u010dje uzgoja nalazi se na ravni\u010darskom dijelu Ptujskog polja koje se prote\u017ee izme\u0111u rijeka Drave i Pesnice, gradova Ptuja i Ormo\u017ea te obronaka Slovenskih Gorica.\u00a0Klima je odgovaraju\u0107a jer je primjerena koli\u010dina oborina, zemlja je plitka i bogata humusom &#8211; brzo se ugrije i osu\u0161i. Upravo zbog toga je Ptujski l\u00fck razvio o\u0161triji okus po \u010demu je i najprepoznatljiviji. Zbog pletenja u vijence Ptujski l\u00fck ima vi\u0161e zelenog li\u0161\u0107a koje je \u017eilavo i ne lomi se prilikom branja, \u0161to je vrlo va\u017eno jer ga beru ru\u010dno.[\/vc_column_text][vc_custom_heading text=&#8221;Uzgojen na ekolo\u0161ki prihvatljiv na\u010din.&#8221; font_container=&#8221;tag:h3|text_align:left|color:%23b22e20&#8243; use_theme_fonts=&#8221;yes&#8221;][vc_column_text]Uzgajaju ga integrirano ili ekolo\u0161ki, \u0161to luku osim dobrog izgleda daje visoku kvalitetu i dobar okus. Uzgoj je pod stalnim stru\u010dnim nadzorom ovla\u0161tenih organizacija.[\/vc_column_text][\/vc_column][\/vc_row][vc_row][vc_column width=&#8221;1\/2&#8243;][vc_single_image image=&#8221;212&#8243; img_size=&#8221;full&#8221; alignment=&#8221;center&#8221; onclick=&#8221;link_image&#8221;][\/vc_column][vc_column width=&#8221;1\/2&#8243;][vc_single_image image=&#8221;213&#8243; img_size=&#8221;full&#8221; alignment=&#8221;center&#8221; onclick=&#8221;link_image&#8221;][\/vc_column][\/vc_row]<\/p>\n","protected":false},"excerpt":{"rendered":"<p>[vc_row][vc_column][vc_custom_heading text=&#8221;Originalan je uzgojen ru\u010dno&#8221; font_container=&#8221;tag:h3|text_align:left|color:%23b22e20&#8243; use_theme_fonts=&#8221;yes&#8221;][vc_column_text]Ptujski l\u00fck sadi se, bere, sortira i pakira ru\u010dno. Certifikatom sheme posebne kvalitete za\u0161ti\u0107ena oznaka zemljopisnog podrijetla (ZOZP) zajam\u010dena je stalna kontrola uzgoja, podrijetla i autenti\u010dnosti poljoprivrednog usjeva. Postupak uzgoja strogo je odre\u0111en. Uzgoj od sjemena do ploda traje \u010dak 3 godine. Prirodan je usjev, neobra\u0111en sredstvima za trajanje. [&#8230;]<\/p>\n<p><a class=\"btn btn-secondary understrap-read-more-link\" href=\"https:\/\/zelena-tocka.si\/ptujski-luk\/hr\/nacin-uzgoja\/\">Preberi ve\u010d \u00bb<\/a><\/p>\n","protected":false},"author":4,"featured_media":0,"parent":0,"menu_order":0,"comment_status":"closed","ping_status":"closed","template":"page-templates\/right-sidebarpage.php","meta":{"footnotes":""},"class_list":["post-1178","page","type-page","status-publish","hentry"],"yoast_head":"<!-- This site is optimized with the Yoast SEO plugin v27.3 - https:\/\/yoast.com\/product\/yoast-seo-wordpress\/ -->\n<title>Na\u010din uzgoja - Ptujski l\u00fck<\/title>\n<meta name=\"robots\" content=\"index, follow, max-snippet:-1, max-image-preview:large, max-video-preview:-1\" \/>\n<link rel=\"canonical\" href=\"https:\/\/zelena-tocka.si\/ptujski-luk\/nacin-uzgoja\/\" \/>\n<meta property=\"og:locale\" content=\"sl_SI\" \/>\n<meta property=\"og:type\" content=\"article\" \/>\n<meta property=\"og:title\" content=\"Na\u010din uzgoja - Ptujski l\u00fck\" \/>\n<meta property=\"og:description\" content=\"[vc_row][vc_column][vc_custom_heading text=&#8221;Originalan je uzgojen ru\u010dno&#8221; font_container=&#8221;tag:h3|text_align:left|color:%23b22e20&#8243; use_theme_fonts=&#8221;yes&#8221;][vc_column_text]Ptujski l\u00fck sadi se, bere, sortira i pakira ru\u010dno. Certifikatom sheme posebne kvalitete za\u0161ti\u0107ena oznaka zemljopisnog podrijetla (ZOZP) zajam\u010dena je stalna kontrola uzgoja, podrijetla i autenti\u010dnosti poljoprivrednog usjeva. Postupak uzgoja strogo je odre\u0111en. Uzgoj od sjemena do ploda traje \u010dak 3 godine. Prirodan je usjev, neobra\u0111en sredstvima za trajanje. [...]Preberi ve\u010d \u00bb\" \/>\n<meta property=\"og:url\" content=\"https:\/\/zelena-tocka.si\/ptujski-luk\/hr\/nacin-uzgoja\/\" \/>\n<meta property=\"og:site_name\" content=\"Ptujski l\u00fck\" \/>\n<meta property=\"article:modified_time\" content=\"2019-12-24T14:57:15+00:00\" \/>\n<meta name=\"twitter:card\" content=\"summary_large_image\" \/>\n<meta name=\"twitter:label1\" content=\"Est. reading time\" \/>\n\t<meta name=\"twitter:data1\" content=\"2 minuti\" \/>\n<script type=\"application\/ld+json\" class=\"yoast-schema-graph\">{\"@context\":\"https:\\\/\\\/schema.org\",\"@graph\":[{\"@type\":\"WebPage\",\"@id\":\"https:\\\/\\\/zelena-tocka.si\\\/ptujski-luk\\\/hr\\\/nacin-uzgoja\\\/\",\"url\":\"https:\\\/\\\/zelena-tocka.si\\\/ptujski-luk\\\/hr\\\/nacin-uzgoja\\\/\",\"name\":\"Na\u010din uzgoja - Ptujski l\u00fck\",\"isPartOf\":{\"@id\":\"https:\\\/\\\/zelena-tocka.si\\\/ptujski-luk\\\/#website\"},\"datePublished\":\"2017-07-20T07:52:39+00:00\",\"dateModified\":\"2019-12-24T14:57:15+00:00\",\"breadcrumb\":{\"@id\":\"https:\\\/\\\/zelena-tocka.si\\\/ptujski-luk\\\/hr\\\/nacin-uzgoja\\\/#breadcrumb\"},\"inLanguage\":\"sl-SI\",\"potentialAction\":[{\"@type\":\"ReadAction\",\"target\":[\"https:\\\/\\\/zelena-tocka.si\\\/ptujski-luk\\\/hr\\\/nacin-uzgoja\\\/\"]}]},{\"@type\":\"BreadcrumbList\",\"@id\":\"https:\\\/\\\/zelena-tocka.si\\\/ptujski-luk\\\/hr\\\/nacin-uzgoja\\\/#breadcrumb\",\"itemListElement\":[{\"@type\":\"ListItem\",\"position\":1,\"name\":\"Home\",\"item\":\"https:\\\/\\\/zelena-tocka.si\\\/ptujski-luk\\\/\"},{\"@type\":\"ListItem\",\"position\":2,\"name\":\"Na\u010din uzgoja\"}]},{\"@type\":\"WebSite\",\"@id\":\"https:\\\/\\\/zelena-tocka.si\\\/ptujski-luk\\\/#website\",\"url\":\"https:\\\/\\\/zelena-tocka.si\\\/ptujski-luk\\\/\",\"name\":\"Ptujski l\u00fck\",\"description\":\"Kralj \u010debul\",\"publisher\":{\"@id\":\"https:\\\/\\\/zelena-tocka.si\\\/ptujski-luk\\\/#organization\"},\"potentialAction\":[{\"@type\":\"SearchAction\",\"target\":{\"@type\":\"EntryPoint\",\"urlTemplate\":\"https:\\\/\\\/zelena-tocka.si\\\/ptujski-luk\\\/?s={search_term_string}\"},\"query-input\":{\"@type\":\"PropertyValueSpecification\",\"valueRequired\":true,\"valueName\":\"search_term_string\"}}],\"inLanguage\":\"sl-SI\"},{\"@type\":\"Organization\",\"@id\":\"https:\\\/\\\/zelena-tocka.si\\\/ptujski-luk\\\/#organization\",\"name\":\"Ptujski l\u00fck\",\"url\":\"https:\\\/\\\/zelena-tocka.si\\\/ptujski-luk\\\/\",\"logo\":{\"@type\":\"ImageObject\",\"inLanguage\":\"sl-SI\",\"@id\":\"https:\\\/\\\/zelena-tocka.si\\\/ptujski-luk\\\/#\\\/schema\\\/logo\\\/image\\\/\",\"url\":\"https:\\\/\\\/zelena-tocka.si\\\/ptujski-luk\\\/wp-content\\\/uploads\\\/2018\\\/02\\\/cropped-logo_web.png\",\"contentUrl\":\"https:\\\/\\\/zelena-tocka.si\\\/ptujski-luk\\\/wp-content\\\/uploads\\\/2018\\\/02\\\/cropped-logo_web.png\",\"width\":500,\"height\":150,\"caption\":\"Ptujski l\u00fck\"},\"image\":{\"@id\":\"https:\\\/\\\/zelena-tocka.si\\\/ptujski-luk\\\/#\\\/schema\\\/logo\\\/image\\\/\"}}]}<\/script>\n<!-- \/ Yoast SEO plugin. -->","yoast_head_json":{"title":"Na\u010din uzgoja - Ptujski l\u00fck","robots":{"index":"index","follow":"follow","max-snippet":"max-snippet:-1","max-image-preview":"max-image-preview:large","max-video-preview":"max-video-preview:-1"},"canonical":"https:\/\/zelena-tocka.si\/ptujski-luk\/nacin-uzgoja\/","og_locale":"sl_SI","og_type":"article","og_title":"Na\u010din uzgoja - Ptujski l\u00fck","og_description":"[vc_row][vc_column][vc_custom_heading text=&#8221;Originalan je uzgojen ru\u010dno&#8221; font_container=&#8221;tag:h3|text_align:left|color:%23b22e20&#8243; use_theme_fonts=&#8221;yes&#8221;][vc_column_text]Ptujski l\u00fck sadi se, bere, sortira i pakira ru\u010dno. Certifikatom sheme posebne kvalitete za\u0161ti\u0107ena oznaka zemljopisnog podrijetla (ZOZP) zajam\u010dena je stalna kontrola uzgoja, podrijetla i autenti\u010dnosti poljoprivrednog usjeva. Postupak uzgoja strogo je odre\u0111en. Uzgoj od sjemena do ploda traje \u010dak 3 godine. Prirodan je usjev, neobra\u0111en sredstvima za trajanje. [...]Preberi ve\u010d \u00bb","og_url":"https:\/\/zelena-tocka.si\/ptujski-luk\/hr\/nacin-uzgoja\/","og_site_name":"Ptujski l\u00fck","article_modified_time":"2019-12-24T14:57:15+00:00","twitter_card":"summary_large_image","twitter_misc":{"Est. reading time":"2 minuti"},"schema":{"@context":"https:\/\/schema.org","@graph":[{"@type":"WebPage","@id":"https:\/\/zelena-tocka.si\/ptujski-luk\/hr\/nacin-uzgoja\/","url":"https:\/\/zelena-tocka.si\/ptujski-luk\/hr\/nacin-uzgoja\/","name":"Na\u010din uzgoja - Ptujski l\u00fck","isPartOf":{"@id":"https:\/\/zelena-tocka.si\/ptujski-luk\/#website"},"datePublished":"2017-07-20T07:52:39+00:00","dateModified":"2019-12-24T14:57:15+00:00","breadcrumb":{"@id":"https:\/\/zelena-tocka.si\/ptujski-luk\/hr\/nacin-uzgoja\/#breadcrumb"},"inLanguage":"sl-SI","potentialAction":[{"@type":"ReadAction","target":["https:\/\/zelena-tocka.si\/ptujski-luk\/hr\/nacin-uzgoja\/"]}]},{"@type":"BreadcrumbList","@id":"https:\/\/zelena-tocka.si\/ptujski-luk\/hr\/nacin-uzgoja\/#breadcrumb","itemListElement":[{"@type":"ListItem","position":1,"name":"Home","item":"https:\/\/zelena-tocka.si\/ptujski-luk\/"},{"@type":"ListItem","position":2,"name":"Na\u010din uzgoja"}]},{"@type":"WebSite","@id":"https:\/\/zelena-tocka.si\/ptujski-luk\/#website","url":"https:\/\/zelena-tocka.si\/ptujski-luk\/","name":"Ptujski l\u00fck","description":"Kralj \u010debul","publisher":{"@id":"https:\/\/zelena-tocka.si\/ptujski-luk\/#organization"},"potentialAction":[{"@type":"SearchAction","target":{"@type":"EntryPoint","urlTemplate":"https:\/\/zelena-tocka.si\/ptujski-luk\/?s={search_term_string}"},"query-input":{"@type":"PropertyValueSpecification","valueRequired":true,"valueName":"search_term_string"}}],"inLanguage":"sl-SI"},{"@type":"Organization","@id":"https:\/\/zelena-tocka.si\/ptujski-luk\/#organization","name":"Ptujski l\u00fck","url":"https:\/\/zelena-tocka.si\/ptujski-luk\/","logo":{"@type":"ImageObject","inLanguage":"sl-SI","@id":"https:\/\/zelena-tocka.si\/ptujski-luk\/#\/schema\/logo\/image\/","url":"https:\/\/zelena-tocka.si\/ptujski-luk\/wp-content\/uploads\/2018\/02\/cropped-logo_web.png","contentUrl":"https:\/\/zelena-tocka.si\/ptujski-luk\/wp-content\/uploads\/2018\/02\/cropped-logo_web.png","width":500,"height":150,"caption":"Ptujski l\u00fck"},"image":{"@id":"https:\/\/zelena-tocka.si\/ptujski-luk\/#\/schema\/logo\/image\/"}}]}},"_links":{"self":[{"href":"https:\/\/zelena-tocka.si\/ptujski-luk\/wp-json\/wp\/v2\/pages\/1178","targetHints":{"allow":["GET"]}}],"collection":[{"href":"https:\/\/zelena-tocka.si\/ptujski-luk\/wp-json\/wp\/v2\/pages"}],"about":[{"href":"https:\/\/zelena-tocka.si\/ptujski-luk\/wp-json\/wp\/v2\/types\/page"}],"author":[{"embeddable":true,"href":"https:\/\/zelena-tocka.si\/ptujski-luk\/wp-json\/wp\/v2\/users\/4"}],"replies":[{"embeddable":true,"href":"https:\/\/zelena-tocka.si\/ptujski-luk\/wp-json\/wp\/v2\/comments?post=1178"}],"version-history":[{"count":3,"href":"https:\/\/zelena-tocka.si\/ptujski-luk\/wp-json\/wp\/v2\/pages\/1178\/revisions"}],"predecessor-version":[{"id":1181,"href":"https:\/\/zelena-tocka.si\/ptujski-luk\/wp-json\/wp\/v2\/pages\/1178\/revisions\/1181"}],"wp:attachment":[{"href":"https:\/\/zelena-tocka.si\/ptujski-luk\/wp-json\/wp\/v2\/media?parent=1178"}],"curies":[{"name":"wp","href":"https:\/\/api.w.org\/{rel}","templated":true}]}}