{"id":1170,"date":"2018-01-26T08:24:30","date_gmt":"2018-01-26T08:24:30","guid":{"rendered":"http:\/\/www.zelena-tocka.si\/ptujski-luk\/lukarske-kmetije\/"},"modified":"2019-12-24T14:53:30","modified_gmt":"2019-12-24T14:53:30","slug":"lukarska-poljoprivredna-gospodarstva","status":"publish","type":"page","link":"https:\/\/zelena-tocka.si\/ptujski-luk\/hr\/lukarska-poljoprivredna-gospodarstva\/","title":{"rendered":"Lukarska poljoprivredna gospodarstva"},"content":{"rendered":"<p>[vc_row][vc_column][vc_column_text]Nekada izvor opstanka obitelji na Ptujskom polju, a danas dio o\u010duvanja tradicije, luk je jo\u0161 uvijek plod vrijednih ruku lukara koji uglavnom rade ru\u010dno. Na Ptujskom polju izvorni Ptujski l\u00fck po originalnom postupku i certifikatu sheme za\u0161ti\u0107ene oznake zemljopisnog podrijetla uzgaja samo jo\u0161 6 obitelji.<\/p>\n<p>Usprkos tome sveukupno posade vi\u0161e od milijun lukovica i uzgoje vi\u0161e od 100 tona Ptujskog l\u00fcka.[\/vc_column_text][\/vc_column][\/vc_row][vc_row][vc_column][vc_custom_heading text=&#8221;Poljoprivredno gospodarstvo Erhati\u010d&#8221; font_container=&#8221;tag:h3|text_align:left|color:%23b22e20&#8243; use_theme_fonts=&#8221;yes&#8221;][vc_column_text]Poljoprivredno gospodarstvo Erhati\u010d od 2007. godine proizvodi po na\u010delima integriranog uzgoja. Nositelj PG-a je od 1994. godine Janko Erhati\u010d. Sa svoja 24 hektra obradive zemlje, usmjereni su u sto\u010darstvo, poljoprivredu i djelomice povr\u0107arstvo. Obitelj Erhati\u010d na poljoprivrednom gospodarstvu trenutno uzgaja 10 krava muzara te ostala goveda. Poljoprivredno gospodarstvo ima 4 \u010dlana obitelji.<br \/>\nKlijentima uvijek nude najbolju kvalitetu poljoprivrednih proizvoda, posebice Ptujskog l\u00fcka, krumpira i cikle koji od njih zahtijevaju najvi\u0161e pozornosti.[\/vc_column_text][\/vc_column][\/vc_row][vc_row][vc_column width=&#8221;1\/2&#8243;][vc_single_image image=&#8221;216&#8243; img_size=&#8221;full&#8221; alignment=&#8221;center&#8221; onclick=&#8221;link_image&#8221;][\/vc_column][vc_column width=&#8221;1\/2&#8243;][vc_single_image image=&#8221;218&#8243; img_size=&#8221;full&#8221; onclick=&#8221;link_image&#8221;][vc_single_image image=&#8221;219&#8243; img_size=&#8221;full&#8221; alignment=&#8221;center&#8221; onclick=&#8221;link_image&#8221;][\/vc_column][\/vc_row][vc_row][vc_column][vc_custom_heading text=&#8221;Poljoprivredno gospodarstvo Klinc Miran&#8221; font_container=&#8221;tag:h3|text_align:left|color:%23b22e20&#8243; use_theme_fonts=&#8221;yes&#8221;][vc_column_text]Poljoprivredno gospodarstvo Klinc nalazi se u Gori\u0161nici. Uzgojem Ptujskog l\u00fcka sa za\u0161ti\u0107enom oznakom zempljopisnog podrijetla bave se niz godina.[\/vc_column_text][vc_single_image image=&#8221;222&#8243; img_size=&#8221;full&#8221; alignment=&#8221;center&#8221; onclick=&#8221;link_image&#8221;][\/vc_column][\/vc_row][vc_row][vc_column][vc_custom_heading text=&#8221;Poljoprivredno gospodarstvo Majeri\u010d Branko i Vasja&#8221; font_container=&#8221;tag:h3|text_align:left|color:%23b22e20&#8243; use_theme_fonts=&#8221;yes&#8221;][vc_column_text]Poljoprivredno gospodarstvo Majeri\u010d nalazi se u srcu L\u00fckarije, tj. Ptujskog polja, to\u010dnije u Mo\u0161kanjcima. Poljoprivredno gospodarstvo s dugogodi\u0161njom tradicijom i danas obra\u0111uje poljoprivredne povr\u0161ine na kojima osim p\u0161enice, kukuruza, suncokreta i uljane repice uzgajaju i dvije vrste povr\u0107a. Bijeli kupus za obradu, tj. kiseljenje, te vi\u0161e od 200 godina staru autohtonu sortu crvenog luka pod nazivom \u00bbPtujski l\u00fck\u00ab. Ptujski l\u00fck predstavlja povijesnu specifi\u010dnost i tradiciju. Stoga ula\u017eu golem trud u njegov uzgoj na Ptujskom polju jer ga \u017eele o\u010duvati za budu\u0107e generacije. Vama potro\u0161a\u010dima \u017eele ponuditi doma\u0107e povr\u0107e uzgojeno u slovenskoj zemlji koje je prvo dobilo certifikat za\u0161ti\u0107ene oznake zemljopisnog podrijetla, a u prosincu 2011. i europski za\u0161titni znak. Uzgoj povr\u0107a na ovom poljoprivrednom gospodarstvu odvija se kontrolirano sve od 2002. godine, na to\u010dno odre\u0111enim poljima i po\u0161tuju\u0107i stroga pravila plodoreda i dobre poljoprivredne prakse.[\/vc_column_text][vc_single_image image=&#8221;229&#8243; img_size=&#8221;full&#8221; onclick=&#8221;link_image&#8221;][\/vc_column][\/vc_row][vc_row][vc_column][vc_custom_heading text=&#8221;Poljoprivredno gospodarstvo Petrovi\u010d Anica&#8221; font_container=&#8221;tag:h3|text_align:left|color:%23b22e20&#8243; use_theme_fonts=&#8221;yes&#8221;][vc_column_text]Nalazi se na Ptujskom polju, to\u010dnije u Prvencima. Manje je gospodarstvo, a bave se uzgojem usjeva i stoke. Ptujski l\u00fck uzgajamo od 2007. godine, a certifikat za\u0161ti\u0107ene oznake zemljopisnog podrijetla dobili smo 2011. godine. Na uzgoj Ptujskog l\u00fcka potaknuo ih je Miran Klinc. Uzgojem se bavi cijela obitelj.[\/vc_column_text][vc_single_image image=&#8221;234&#8243; img_size=&#8221;full&#8221; onclick=&#8221;link_image&#8221;][\/vc_column][\/vc_row][vc_row][vc_column][vc_custom_heading text=&#8221;Poljoprivredno gospodarstvo Pignar&#8221; font_container=&#8221;tag:h3|text_align:left|color:%23b22e20&#8243; use_theme_fonts=&#8221;yes&#8221;][vc_column_text]Poljoprivredno gospodarstvo Pignar Slavice nalazi se u Zamu\u0161anima, gdje Ptujski l\u00fck uzgajaju na ekolo\u0161ki prihvatljiv na\u010din.[\/vc_column_text][vc_single_image image=&#8221;233&#8243; img_size=&#8221;full&#8221; onclick=&#8221;link_image&#8221;][vc_row_inner][vc_column_inner width=&#8221;1\/3&#8243;][vc_single_image image=&#8221;232&#8243; img_size=&#8221;full&#8221; onclick=&#8221;link_image&#8221;][\/vc_column_inner][vc_column_inner width=&#8221;1\/3&#8243;][vc_single_image image=&#8221;231&#8243; img_size=&#8221;full&#8221; onclick=&#8221;link_image&#8221;][\/vc_column_inner][vc_column_inner width=&#8221;1\/3&#8243;][vc_single_image image=&#8221;230&#8243; img_size=&#8221;full&#8221; onclick=&#8221;link_image&#8221;][\/vc_column_inner][\/vc_row_inner][\/vc_column][\/vc_row][vc_row][vc_column][vc_custom_heading text=&#8221;Janez Horvat \u2013 Go\u010dlovo poljoprivredno gospodarstvo&#8221; font_container=&#8221;tag:h3|text_align:left|color:%23b22e20&#8243; use_theme_fonts=&#8221;yes&#8221;][vc_column_text]Go\u010dlovo poljoprivredno gospodarstvo jedno je od najstarijih uzgajiva\u010da luka i danas je za\u0161ti\u0107ena kulturna ba\u0161tina. Nalazi se u srcu L\u00fckarije, tj. Ptujskog polja, u op\u0107ini Gori\u0161nica, u selu Zagoji\u010di pri kapelici. Ime poljoprivrednog gospodarstva GO\u010cLOVI u povijesnim se zapisima pojavljuje ve\u0107 1322. godine. Upravo su ovdje njihovi preci uzgajali Ptujski l\u00fck jo\u0161 prije 300 godina. Ispletenog u vijence ili u vre\u0107ama vozili su ga konjskom zapregom na kolima na tr\u017enicu u Mariboru i Ptuju. Po bakinim pri\u010dama, prodavali su ga i gospodi u Be\u010du.[\/vc_column_text][vc_single_image image=&#8221;223&#8243; img_size=&#8221;full&#8221; onclick=&#8221;link_image&#8221;][vc_single_image image=&#8221;224&#8243; img_size=&#8221;full&#8221; onclick=&#8221;link_image&#8221;][vc_column_text]Danas poljoprivredno gospodarstvo ima mnogo \u010dlanova obitelji koji vjerno \u010duvaju tradiciju uzgoja luka i pletenja vijenaca. Pletenje luka (luka) u krence (vijence) njihova je tradicija. Prodaja Ptujskog l\u00fcka na Go\u010dlovom poljoprivrednom gospodarstvu po\u010dinje krajem kolovoza i traje do po\u010detka o\u017eujka. Prodaju ga u tradicionalnim KRENCIMA (vijencima, pletenicama) sastavljenim od 12 ispletenih glavica luka u vi\u0161enamjenskim, ukrasnim sanducima te u rinfuzi, po \u017eelji kupca. Vama potro\u0161a\u010dima \u017eele i uzgajaju zdravu i sigurnu hranu. Posjetite ih![\/vc_column_text][vc_single_image image=&#8221;225&#8243; img_size=&#8221;full&#8221; onclick=&#8221;link_image&#8221;][vc_row_inner][vc_column_inner width=&#8221;1\/2&#8243;][vc_single_image image=&#8221;226&#8243; img_size=&#8221;full&#8221; onclick=&#8221;link_image&#8221;][\/vc_column_inner][vc_column_inner width=&#8221;1\/2&#8243;][vc_single_image image=&#8221;227&#8243; img_size=&#8221;full&#8221; onclick=&#8221;link_image&#8221;][\/vc_column_inner][\/vc_row_inner][vc_single_image image=&#8221;228&#8243; img_size=&#8221;full&#8221; onclick=&#8221;link_image&#8221;][\/vc_column][\/vc_row]<\/p>\n","protected":false},"excerpt":{"rendered":"<p>[vc_row][vc_column][vc_column_text]Nekada izvor opstanka obitelji na Ptujskom polju, a danas dio o\u010duvanja tradicije, luk je jo\u0161 uvijek plod vrijednih ruku lukara koji uglavnom rade ru\u010dno. Na Ptujskom polju izvorni Ptujski l\u00fck po originalnom postupku i certifikatu sheme za\u0161ti\u0107ene oznake zemljopisnog podrijetla uzgaja samo jo\u0161 6 obitelji. Usprkos tome sveukupno posade vi\u0161e od milijun lukovica i uzgoje [&#8230;]<\/p>\n<p><a class=\"btn btn-secondary understrap-read-more-link\" href=\"https:\/\/zelena-tocka.si\/ptujski-luk\/hr\/lukarska-poljoprivredna-gospodarstva\/\">Preberi ve\u010d \u00bb<\/a><\/p>\n","protected":false},"author":4,"featured_media":0,"parent":0,"menu_order":0,"comment_status":"closed","ping_status":"closed","template":"page-templates\/right-sidebarpage.php","meta":{"footnotes":""},"class_list":["post-1170","page","type-page","status-publish","hentry"],"yoast_head":"<!-- This site is optimized with the Yoast SEO plugin v27.3 - https:\/\/yoast.com\/product\/yoast-seo-wordpress\/ -->\n<title>Lukarska poljoprivredna gospodarstva - Ptujski l\u00fck<\/title>\n<meta name=\"robots\" content=\"index, follow, max-snippet:-1, max-image-preview:large, max-video-preview:-1\" \/>\n<link rel=\"canonical\" href=\"https:\/\/zelena-tocka.si\/ptujski-luk\/lukarska-poljoprivredna-gospodarstva\/\" \/>\n<meta property=\"og:locale\" content=\"sl_SI\" \/>\n<meta property=\"og:type\" content=\"article\" \/>\n<meta property=\"og:title\" content=\"Lukarska poljoprivredna gospodarstva - Ptujski l\u00fck\" \/>\n<meta property=\"og:description\" content=\"[vc_row][vc_column][vc_column_text]Nekada izvor opstanka obitelji na Ptujskom polju, a danas dio o\u010duvanja tradicije, luk je jo\u0161 uvijek plod vrijednih ruku lukara koji uglavnom rade ru\u010dno. Na Ptujskom polju izvorni Ptujski l\u00fck po originalnom postupku i certifikatu sheme za\u0161ti\u0107ene oznake zemljopisnog podrijetla uzgaja samo jo\u0161 6 obitelji. Usprkos tome sveukupno posade vi\u0161e od milijun lukovica i uzgoje [...]Preberi ve\u010d \u00bb\" \/>\n<meta property=\"og:url\" content=\"https:\/\/zelena-tocka.si\/ptujski-luk\/hr\/lukarska-poljoprivredna-gospodarstva\/\" \/>\n<meta property=\"og:site_name\" content=\"Ptujski l\u00fck\" \/>\n<meta property=\"article:modified_time\" content=\"2019-12-24T14:53:30+00:00\" \/>\n<meta name=\"twitter:card\" content=\"summary_large_image\" \/>\n<meta name=\"twitter:label1\" content=\"Est. reading time\" \/>\n\t<meta name=\"twitter:data1\" content=\"5 minut\" \/>\n<script type=\"application\/ld+json\" class=\"yoast-schema-graph\">{\"@context\":\"https:\\\/\\\/schema.org\",\"@graph\":[{\"@type\":\"WebPage\",\"@id\":\"https:\\\/\\\/zelena-tocka.si\\\/ptujski-luk\\\/hr\\\/lukarska-poljoprivredna-gospodarstva\\\/\",\"url\":\"https:\\\/\\\/zelena-tocka.si\\\/ptujski-luk\\\/hr\\\/lukarska-poljoprivredna-gospodarstva\\\/\",\"name\":\"Lukarska poljoprivredna gospodarstva - Ptujski l\u00fck\",\"isPartOf\":{\"@id\":\"https:\\\/\\\/zelena-tocka.si\\\/ptujski-luk\\\/#website\"},\"datePublished\":\"2018-01-26T08:24:30+00:00\",\"dateModified\":\"2019-12-24T14:53:30+00:00\",\"breadcrumb\":{\"@id\":\"https:\\\/\\\/zelena-tocka.si\\\/ptujski-luk\\\/hr\\\/lukarska-poljoprivredna-gospodarstva\\\/#breadcrumb\"},\"inLanguage\":\"sl-SI\",\"potentialAction\":[{\"@type\":\"ReadAction\",\"target\":[\"https:\\\/\\\/zelena-tocka.si\\\/ptujski-luk\\\/hr\\\/lukarska-poljoprivredna-gospodarstva\\\/\"]}]},{\"@type\":\"BreadcrumbList\",\"@id\":\"https:\\\/\\\/zelena-tocka.si\\\/ptujski-luk\\\/hr\\\/lukarska-poljoprivredna-gospodarstva\\\/#breadcrumb\",\"itemListElement\":[{\"@type\":\"ListItem\",\"position\":1,\"name\":\"Home\",\"item\":\"https:\\\/\\\/zelena-tocka.si\\\/ptujski-luk\\\/\"},{\"@type\":\"ListItem\",\"position\":2,\"name\":\"Lukarska poljoprivredna gospodarstva\"}]},{\"@type\":\"WebSite\",\"@id\":\"https:\\\/\\\/zelena-tocka.si\\\/ptujski-luk\\\/#website\",\"url\":\"https:\\\/\\\/zelena-tocka.si\\\/ptujski-luk\\\/\",\"name\":\"Ptujski l\u00fck\",\"description\":\"Kralj \u010debul\",\"publisher\":{\"@id\":\"https:\\\/\\\/zelena-tocka.si\\\/ptujski-luk\\\/#organization\"},\"potentialAction\":[{\"@type\":\"SearchAction\",\"target\":{\"@type\":\"EntryPoint\",\"urlTemplate\":\"https:\\\/\\\/zelena-tocka.si\\\/ptujski-luk\\\/?s={search_term_string}\"},\"query-input\":{\"@type\":\"PropertyValueSpecification\",\"valueRequired\":true,\"valueName\":\"search_term_string\"}}],\"inLanguage\":\"sl-SI\"},{\"@type\":\"Organization\",\"@id\":\"https:\\\/\\\/zelena-tocka.si\\\/ptujski-luk\\\/#organization\",\"name\":\"Ptujski l\u00fck\",\"url\":\"https:\\\/\\\/zelena-tocka.si\\\/ptujski-luk\\\/\",\"logo\":{\"@type\":\"ImageObject\",\"inLanguage\":\"sl-SI\",\"@id\":\"https:\\\/\\\/zelena-tocka.si\\\/ptujski-luk\\\/#\\\/schema\\\/logo\\\/image\\\/\",\"url\":\"https:\\\/\\\/zelena-tocka.si\\\/ptujski-luk\\\/wp-content\\\/uploads\\\/2018\\\/02\\\/cropped-logo_web.png\",\"contentUrl\":\"https:\\\/\\\/zelena-tocka.si\\\/ptujski-luk\\\/wp-content\\\/uploads\\\/2018\\\/02\\\/cropped-logo_web.png\",\"width\":500,\"height\":150,\"caption\":\"Ptujski l\u00fck\"},\"image\":{\"@id\":\"https:\\\/\\\/zelena-tocka.si\\\/ptujski-luk\\\/#\\\/schema\\\/logo\\\/image\\\/\"}}]}<\/script>\n<!-- \/ Yoast SEO plugin. -->","yoast_head_json":{"title":"Lukarska poljoprivredna gospodarstva - Ptujski l\u00fck","robots":{"index":"index","follow":"follow","max-snippet":"max-snippet:-1","max-image-preview":"max-image-preview:large","max-video-preview":"max-video-preview:-1"},"canonical":"https:\/\/zelena-tocka.si\/ptujski-luk\/lukarska-poljoprivredna-gospodarstva\/","og_locale":"sl_SI","og_type":"article","og_title":"Lukarska poljoprivredna gospodarstva - Ptujski l\u00fck","og_description":"[vc_row][vc_column][vc_column_text]Nekada izvor opstanka obitelji na Ptujskom polju, a danas dio o\u010duvanja tradicije, luk je jo\u0161 uvijek plod vrijednih ruku lukara koji uglavnom rade ru\u010dno. Na Ptujskom polju izvorni Ptujski l\u00fck po originalnom postupku i certifikatu sheme za\u0161ti\u0107ene oznake zemljopisnog podrijetla uzgaja samo jo\u0161 6 obitelji. Usprkos tome sveukupno posade vi\u0161e od milijun lukovica i uzgoje [...]Preberi ve\u010d \u00bb","og_url":"https:\/\/zelena-tocka.si\/ptujski-luk\/hr\/lukarska-poljoprivredna-gospodarstva\/","og_site_name":"Ptujski l\u00fck","article_modified_time":"2019-12-24T14:53:30+00:00","twitter_card":"summary_large_image","twitter_misc":{"Est. reading time":"5 minut"},"schema":{"@context":"https:\/\/schema.org","@graph":[{"@type":"WebPage","@id":"https:\/\/zelena-tocka.si\/ptujski-luk\/hr\/lukarska-poljoprivredna-gospodarstva\/","url":"https:\/\/zelena-tocka.si\/ptujski-luk\/hr\/lukarska-poljoprivredna-gospodarstva\/","name":"Lukarska poljoprivredna gospodarstva - Ptujski l\u00fck","isPartOf":{"@id":"https:\/\/zelena-tocka.si\/ptujski-luk\/#website"},"datePublished":"2018-01-26T08:24:30+00:00","dateModified":"2019-12-24T14:53:30+00:00","breadcrumb":{"@id":"https:\/\/zelena-tocka.si\/ptujski-luk\/hr\/lukarska-poljoprivredna-gospodarstva\/#breadcrumb"},"inLanguage":"sl-SI","potentialAction":[{"@type":"ReadAction","target":["https:\/\/zelena-tocka.si\/ptujski-luk\/hr\/lukarska-poljoprivredna-gospodarstva\/"]}]},{"@type":"BreadcrumbList","@id":"https:\/\/zelena-tocka.si\/ptujski-luk\/hr\/lukarska-poljoprivredna-gospodarstva\/#breadcrumb","itemListElement":[{"@type":"ListItem","position":1,"name":"Home","item":"https:\/\/zelena-tocka.si\/ptujski-luk\/"},{"@type":"ListItem","position":2,"name":"Lukarska poljoprivredna gospodarstva"}]},{"@type":"WebSite","@id":"https:\/\/zelena-tocka.si\/ptujski-luk\/#website","url":"https:\/\/zelena-tocka.si\/ptujski-luk\/","name":"Ptujski l\u00fck","description":"Kralj \u010debul","publisher":{"@id":"https:\/\/zelena-tocka.si\/ptujski-luk\/#organization"},"potentialAction":[{"@type":"SearchAction","target":{"@type":"EntryPoint","urlTemplate":"https:\/\/zelena-tocka.si\/ptujski-luk\/?s={search_term_string}"},"query-input":{"@type":"PropertyValueSpecification","valueRequired":true,"valueName":"search_term_string"}}],"inLanguage":"sl-SI"},{"@type":"Organization","@id":"https:\/\/zelena-tocka.si\/ptujski-luk\/#organization","name":"Ptujski l\u00fck","url":"https:\/\/zelena-tocka.si\/ptujski-luk\/","logo":{"@type":"ImageObject","inLanguage":"sl-SI","@id":"https:\/\/zelena-tocka.si\/ptujski-luk\/#\/schema\/logo\/image\/","url":"https:\/\/zelena-tocka.si\/ptujski-luk\/wp-content\/uploads\/2018\/02\/cropped-logo_web.png","contentUrl":"https:\/\/zelena-tocka.si\/ptujski-luk\/wp-content\/uploads\/2018\/02\/cropped-logo_web.png","width":500,"height":150,"caption":"Ptujski l\u00fck"},"image":{"@id":"https:\/\/zelena-tocka.si\/ptujski-luk\/#\/schema\/logo\/image\/"}}]}},"_links":{"self":[{"href":"https:\/\/zelena-tocka.si\/ptujski-luk\/wp-json\/wp\/v2\/pages\/1170","targetHints":{"allow":["GET"]}}],"collection":[{"href":"https:\/\/zelena-tocka.si\/ptujski-luk\/wp-json\/wp\/v2\/pages"}],"about":[{"href":"https:\/\/zelena-tocka.si\/ptujski-luk\/wp-json\/wp\/v2\/types\/page"}],"author":[{"embeddable":true,"href":"https:\/\/zelena-tocka.si\/ptujski-luk\/wp-json\/wp\/v2\/users\/4"}],"replies":[{"embeddable":true,"href":"https:\/\/zelena-tocka.si\/ptujski-luk\/wp-json\/wp\/v2\/comments?post=1170"}],"version-history":[{"count":3,"href":"https:\/\/zelena-tocka.si\/ptujski-luk\/wp-json\/wp\/v2\/pages\/1170\/revisions"}],"predecessor-version":[{"id":1173,"href":"https:\/\/zelena-tocka.si\/ptujski-luk\/wp-json\/wp\/v2\/pages\/1170\/revisions\/1173"}],"wp:attachment":[{"href":"https:\/\/zelena-tocka.si\/ptujski-luk\/wp-json\/wp\/v2\/media?parent=1170"}],"curies":[{"name":"wp","href":"https:\/\/api.w.org\/{rel}","templated":true}]}}