{"id":1094,"date":"2017-07-20T07:52:39","date_gmt":"2017-07-20T07:52:39","guid":{"rendered":"http:\/\/www.zelena-tocka.si\/ptujski-luk\/cultivation-method\/"},"modified":"2019-12-24T14:09:10","modified_gmt":"2019-12-24T14:09:10","slug":"anbau","status":"publish","type":"page","link":"https:\/\/zelena-tocka.si\/ptujski-luk\/de\/anbau\/","title":{"rendered":"Anbau"},"content":{"rendered":"<p>[vc_row][vc_column][vc_custom_heading text=&#8221;Nur von Hand angebaut&#8221; font_container=&#8221;tag:h3|text_align:left|color:%23b22e20&#8243; use_theme_fonts=&#8221;yes&#8221;][vc_column_text]Ptujski l\u00fck wird von Hand gepflanzt, geerntet, sortiert und verpackt. Das Zertifikat der besonderen Qualit\u00e4t \u201egesch\u00fctzte geografische Angabe\u201c garantiert eine st\u00e4ndige Anbaukontrolle, Herkunftssicherheit und Authentizit\u00e4t des Agrarerzeugnisses. Das Anbauverfahren wird genau vorgegeben. Der Weg vom Samen bis zum Erzeugnisse dauert ganze drei Jahre. Es handelt sich um ein nat\u00fcrliches Produkt, das nicht mit Zusatzstoffen zur Wahrung der Produktstabilit\u00e4t behandelt wurde. Daher kann es durchaus passieren, dass die Zwiebeln zu keimen beginnen, wenn sie in einem warmen und hellen Raum gelagert werden.[\/vc_column_text][vc_single_image image=&#8221;211&#8243; img_size=&#8221;full&#8221; alignment=&#8221;center&#8221;][vc_custom_heading text=&#8221;Zwiebelsorte Ptujska rde\u010da (Pettauer Rote)&#8221; font_container=&#8221;tag:h3|text_align:left|color:%23b22e20&#8243; use_theme_fonts=&#8221;yes&#8221;][vc_column_text]In der slowenischen Sortenliste ist Pt\u00fcjski l\u00fck unter den Sortennamen Ptujska rde\u010da bzw. Pettauer Rote eingetragen. Diese Zwiebelsorte findet man auch im Sortenkatalog f\u00fcr landwirtschaftliche Pflanzenarten der Europ\u00e4ischen Union und in der Beschreibung der empfohlenen Sorten f\u00fcr landwirtschaftliche und Gem\u00fcsepflanzen, herausgegeben vom slowenischen Landwirtschaftlichen Institut.[\/vc_column_text][vc_custom_heading text=&#8221;Angebaut auf der Ebene von Ptujsko polje&#8221; font_container=&#8221;tag:h3|text_align:left|color:%23b22e20&#8243; use_theme_fonts=&#8221;yes&#8221;][vc_column_text]Das Anbaugebiet umfasst die Ebene von Ptujsko polje, die sich zwischen den Fl\u00fcssen Drava und Pesnica, den St\u00e4dten Ptuj und Ormo\u017e und der H\u00fcgellandschaft von Slovenske gorice erstreckt.\u00a0Das Klima eignet sich f\u00fcr den Anbau vor allem aufgrund der angemessenen Verteilung der Niederschl\u00e4ge. Das Anbaugebiet ist bekannt f\u00fcr seine seichten B\u00f6den, die reich an Humus sind und schnell warm und trocken werden. Das letztere ist auch der Grund f\u00fcr den scharfen Geschmack, an welchem man Ptujski l\u00fck am besten erkennen kann. Diese Zwiebelsorte hat mehr Gr\u00fcn und die Bl\u00e4tter sind st\u00e4rker und brechen nicht, wenn man die Zwiebel aus dem Boden zieht (das ist sehr wichtig, da sie von Hand geerntet wird). Das macht sie auch perfekt zum Flechten von Zwiebelz\u00f6pfen.[\/vc_column_text][vc_custom_heading text=&#8221;Umweltfreundlicher Anbau&#8221; font_container=&#8221;tag:h3|text_align:left|color:%23b22e20&#8243; use_theme_fonts=&#8221;yes&#8221;][vc_column_text]Ptujski l\u00fck wir integriert oder \u00f6kologisch angebaut. Dadurch schaut die Zwiebel nicht nur glatt und gl\u00e4nzend aus, sondern schmeckt auch besonders gut. Dar Anbau wird st\u00e4ndig seitens dazu berechtigter Organisationen kontrolliert.[\/vc_column_text][\/vc_column][\/vc_row][vc_row][vc_column width=&#8221;1\/2&#8243;][vc_single_image image=&#8221;212&#8243; img_size=&#8221;full&#8221; alignment=&#8221;center&#8221; onclick=&#8221;link_image&#8221;][\/vc_column][vc_column width=&#8221;1\/2&#8243;][vc_single_image image=&#8221;213&#8243; img_size=&#8221;full&#8221; alignment=&#8221;center&#8221; onclick=&#8221;link_image&#8221;][\/vc_column][\/vc_row]<\/p>\n","protected":false},"excerpt":{"rendered":"<p>[vc_row][vc_column][vc_custom_heading text=&#8221;Nur von Hand angebaut&#8221; font_container=&#8221;tag:h3|text_align:left|color:%23b22e20&#8243; use_theme_fonts=&#8221;yes&#8221;][vc_column_text]Ptujski l\u00fck wird von Hand gepflanzt, geerntet, sortiert und verpackt. Das Zertifikat der besonderen Qualit\u00e4t \u201egesch\u00fctzte geografische Angabe\u201c garantiert eine st\u00e4ndige Anbaukontrolle, Herkunftssicherheit und Authentizit\u00e4t des Agrarerzeugnisses. Das Anbauverfahren wird genau vorgegeben. Der Weg vom Samen bis zum Erzeugnisse dauert ganze drei Jahre. Es handelt sich um ein nat\u00fcrliches [&#8230;]<\/p>\n<p><a class=\"btn btn-secondary understrap-read-more-link\" href=\"https:\/\/zelena-tocka.si\/ptujski-luk\/de\/anbau\/\">Preberi ve\u010d \u00bb<\/a><\/p>\n","protected":false},"author":4,"featured_media":0,"parent":0,"menu_order":0,"comment_status":"closed","ping_status":"closed","template":"page-templates\/right-sidebarpage.php","meta":{"footnotes":""},"class_list":["post-1094","page","type-page","status-publish","hentry"],"yoast_head":"<!-- This site is optimized with the Yoast SEO plugin v27.3 - https:\/\/yoast.com\/product\/yoast-seo-wordpress\/ -->\n<title>Anbau - Ptujski l\u00fck<\/title>\n<meta name=\"robots\" content=\"index, follow, max-snippet:-1, max-image-preview:large, max-video-preview:-1\" \/>\n<link rel=\"canonical\" href=\"https:\/\/zelena-tocka.si\/ptujski-luk\/anbau\/\" \/>\n<meta property=\"og:locale\" content=\"sl_SI\" \/>\n<meta property=\"og:type\" content=\"article\" \/>\n<meta property=\"og:title\" content=\"Anbau - Ptujski l\u00fck\" \/>\n<meta property=\"og:description\" content=\"[vc_row][vc_column][vc_custom_heading text=&#8221;Nur von Hand angebaut&#8221; font_container=&#8221;tag:h3|text_align:left|color:%23b22e20&#8243; use_theme_fonts=&#8221;yes&#8221;][vc_column_text]Ptujski l\u00fck wird von Hand gepflanzt, geerntet, sortiert und verpackt. Das Zertifikat der besonderen Qualit\u00e4t \u201egesch\u00fctzte geografische Angabe\u201c garantiert eine st\u00e4ndige Anbaukontrolle, Herkunftssicherheit und Authentizit\u00e4t des Agrarerzeugnisses. Das Anbauverfahren wird genau vorgegeben. Der Weg vom Samen bis zum Erzeugnisse dauert ganze drei Jahre. Es handelt sich um ein nat\u00fcrliches [...]Preberi ve\u010d \u00bb\" \/>\n<meta property=\"og:url\" content=\"https:\/\/zelena-tocka.si\/ptujski-luk\/de\/anbau\/\" \/>\n<meta property=\"og:site_name\" content=\"Ptujski l\u00fck\" \/>\n<meta property=\"article:modified_time\" content=\"2019-12-24T14:09:10+00:00\" \/>\n<meta name=\"twitter:card\" content=\"summary_large_image\" \/>\n<meta name=\"twitter:label1\" content=\"Est. reading time\" \/>\n\t<meta name=\"twitter:data1\" content=\"2 minuti\" \/>\n<script type=\"application\/ld+json\" class=\"yoast-schema-graph\">{\"@context\":\"https:\\\/\\\/schema.org\",\"@graph\":[{\"@type\":\"WebPage\",\"@id\":\"https:\\\/\\\/zelena-tocka.si\\\/ptujski-luk\\\/de\\\/anbau\\\/\",\"url\":\"https:\\\/\\\/zelena-tocka.si\\\/ptujski-luk\\\/de\\\/anbau\\\/\",\"name\":\"Anbau - Ptujski l\u00fck\",\"isPartOf\":{\"@id\":\"https:\\\/\\\/zelena-tocka.si\\\/ptujski-luk\\\/#website\"},\"datePublished\":\"2017-07-20T07:52:39+00:00\",\"dateModified\":\"2019-12-24T14:09:10+00:00\",\"breadcrumb\":{\"@id\":\"https:\\\/\\\/zelena-tocka.si\\\/ptujski-luk\\\/de\\\/anbau\\\/#breadcrumb\"},\"inLanguage\":\"sl-SI\",\"potentialAction\":[{\"@type\":\"ReadAction\",\"target\":[\"https:\\\/\\\/zelena-tocka.si\\\/ptujski-luk\\\/de\\\/anbau\\\/\"]}]},{\"@type\":\"BreadcrumbList\",\"@id\":\"https:\\\/\\\/zelena-tocka.si\\\/ptujski-luk\\\/de\\\/anbau\\\/#breadcrumb\",\"itemListElement\":[{\"@type\":\"ListItem\",\"position\":1,\"name\":\"Home\",\"item\":\"https:\\\/\\\/zelena-tocka.si\\\/ptujski-luk\\\/\"},{\"@type\":\"ListItem\",\"position\":2,\"name\":\"Anbau\"}]},{\"@type\":\"WebSite\",\"@id\":\"https:\\\/\\\/zelena-tocka.si\\\/ptujski-luk\\\/#website\",\"url\":\"https:\\\/\\\/zelena-tocka.si\\\/ptujski-luk\\\/\",\"name\":\"Ptujski l\u00fck\",\"description\":\"Kralj \u010debul\",\"publisher\":{\"@id\":\"https:\\\/\\\/zelena-tocka.si\\\/ptujski-luk\\\/#organization\"},\"potentialAction\":[{\"@type\":\"SearchAction\",\"target\":{\"@type\":\"EntryPoint\",\"urlTemplate\":\"https:\\\/\\\/zelena-tocka.si\\\/ptujski-luk\\\/?s={search_term_string}\"},\"query-input\":{\"@type\":\"PropertyValueSpecification\",\"valueRequired\":true,\"valueName\":\"search_term_string\"}}],\"inLanguage\":\"sl-SI\"},{\"@type\":\"Organization\",\"@id\":\"https:\\\/\\\/zelena-tocka.si\\\/ptujski-luk\\\/#organization\",\"name\":\"Ptujski l\u00fck\",\"url\":\"https:\\\/\\\/zelena-tocka.si\\\/ptujski-luk\\\/\",\"logo\":{\"@type\":\"ImageObject\",\"inLanguage\":\"sl-SI\",\"@id\":\"https:\\\/\\\/zelena-tocka.si\\\/ptujski-luk\\\/#\\\/schema\\\/logo\\\/image\\\/\",\"url\":\"https:\\\/\\\/zelena-tocka.si\\\/ptujski-luk\\\/wp-content\\\/uploads\\\/2018\\\/02\\\/cropped-logo_web.png\",\"contentUrl\":\"https:\\\/\\\/zelena-tocka.si\\\/ptujski-luk\\\/wp-content\\\/uploads\\\/2018\\\/02\\\/cropped-logo_web.png\",\"width\":500,\"height\":150,\"caption\":\"Ptujski l\u00fck\"},\"image\":{\"@id\":\"https:\\\/\\\/zelena-tocka.si\\\/ptujski-luk\\\/#\\\/schema\\\/logo\\\/image\\\/\"}}]}<\/script>\n<!-- \/ Yoast SEO plugin. -->","yoast_head_json":{"title":"Anbau - Ptujski l\u00fck","robots":{"index":"index","follow":"follow","max-snippet":"max-snippet:-1","max-image-preview":"max-image-preview:large","max-video-preview":"max-video-preview:-1"},"canonical":"https:\/\/zelena-tocka.si\/ptujski-luk\/anbau\/","og_locale":"sl_SI","og_type":"article","og_title":"Anbau - Ptujski l\u00fck","og_description":"[vc_row][vc_column][vc_custom_heading text=&#8221;Nur von Hand angebaut&#8221; font_container=&#8221;tag:h3|text_align:left|color:%23b22e20&#8243; use_theme_fonts=&#8221;yes&#8221;][vc_column_text]Ptujski l\u00fck wird von Hand gepflanzt, geerntet, sortiert und verpackt. Das Zertifikat der besonderen Qualit\u00e4t \u201egesch\u00fctzte geografische Angabe\u201c garantiert eine st\u00e4ndige Anbaukontrolle, Herkunftssicherheit und Authentizit\u00e4t des Agrarerzeugnisses. Das Anbauverfahren wird genau vorgegeben. Der Weg vom Samen bis zum Erzeugnisse dauert ganze drei Jahre. Es handelt sich um ein nat\u00fcrliches [...]Preberi ve\u010d \u00bb","og_url":"https:\/\/zelena-tocka.si\/ptujski-luk\/de\/anbau\/","og_site_name":"Ptujski l\u00fck","article_modified_time":"2019-12-24T14:09:10+00:00","twitter_card":"summary_large_image","twitter_misc":{"Est. reading time":"2 minuti"},"schema":{"@context":"https:\/\/schema.org","@graph":[{"@type":"WebPage","@id":"https:\/\/zelena-tocka.si\/ptujski-luk\/de\/anbau\/","url":"https:\/\/zelena-tocka.si\/ptujski-luk\/de\/anbau\/","name":"Anbau - Ptujski l\u00fck","isPartOf":{"@id":"https:\/\/zelena-tocka.si\/ptujski-luk\/#website"},"datePublished":"2017-07-20T07:52:39+00:00","dateModified":"2019-12-24T14:09:10+00:00","breadcrumb":{"@id":"https:\/\/zelena-tocka.si\/ptujski-luk\/de\/anbau\/#breadcrumb"},"inLanguage":"sl-SI","potentialAction":[{"@type":"ReadAction","target":["https:\/\/zelena-tocka.si\/ptujski-luk\/de\/anbau\/"]}]},{"@type":"BreadcrumbList","@id":"https:\/\/zelena-tocka.si\/ptujski-luk\/de\/anbau\/#breadcrumb","itemListElement":[{"@type":"ListItem","position":1,"name":"Home","item":"https:\/\/zelena-tocka.si\/ptujski-luk\/"},{"@type":"ListItem","position":2,"name":"Anbau"}]},{"@type":"WebSite","@id":"https:\/\/zelena-tocka.si\/ptujski-luk\/#website","url":"https:\/\/zelena-tocka.si\/ptujski-luk\/","name":"Ptujski l\u00fck","description":"Kralj \u010debul","publisher":{"@id":"https:\/\/zelena-tocka.si\/ptujski-luk\/#organization"},"potentialAction":[{"@type":"SearchAction","target":{"@type":"EntryPoint","urlTemplate":"https:\/\/zelena-tocka.si\/ptujski-luk\/?s={search_term_string}"},"query-input":{"@type":"PropertyValueSpecification","valueRequired":true,"valueName":"search_term_string"}}],"inLanguage":"sl-SI"},{"@type":"Organization","@id":"https:\/\/zelena-tocka.si\/ptujski-luk\/#organization","name":"Ptujski l\u00fck","url":"https:\/\/zelena-tocka.si\/ptujski-luk\/","logo":{"@type":"ImageObject","inLanguage":"sl-SI","@id":"https:\/\/zelena-tocka.si\/ptujski-luk\/#\/schema\/logo\/image\/","url":"https:\/\/zelena-tocka.si\/ptujski-luk\/wp-content\/uploads\/2018\/02\/cropped-logo_web.png","contentUrl":"https:\/\/zelena-tocka.si\/ptujski-luk\/wp-content\/uploads\/2018\/02\/cropped-logo_web.png","width":500,"height":150,"caption":"Ptujski l\u00fck"},"image":{"@id":"https:\/\/zelena-tocka.si\/ptujski-luk\/#\/schema\/logo\/image\/"}}]}},"_links":{"self":[{"href":"https:\/\/zelena-tocka.si\/ptujski-luk\/wp-json\/wp\/v2\/pages\/1094","targetHints":{"allow":["GET"]}}],"collection":[{"href":"https:\/\/zelena-tocka.si\/ptujski-luk\/wp-json\/wp\/v2\/pages"}],"about":[{"href":"https:\/\/zelena-tocka.si\/ptujski-luk\/wp-json\/wp\/v2\/types\/page"}],"author":[{"embeddable":true,"href":"https:\/\/zelena-tocka.si\/ptujski-luk\/wp-json\/wp\/v2\/users\/4"}],"replies":[{"embeddable":true,"href":"https:\/\/zelena-tocka.si\/ptujski-luk\/wp-json\/wp\/v2\/comments?post=1094"}],"version-history":[{"count":3,"href":"https:\/\/zelena-tocka.si\/ptujski-luk\/wp-json\/wp\/v2\/pages\/1094\/revisions"}],"predecessor-version":[{"id":1097,"href":"https:\/\/zelena-tocka.si\/ptujski-luk\/wp-json\/wp\/v2\/pages\/1094\/revisions\/1097"}],"wp:attachment":[{"href":"https:\/\/zelena-tocka.si\/ptujski-luk\/wp-json\/wp\/v2\/media?parent=1094"}],"curies":[{"name":"wp","href":"https:\/\/api.w.org\/{rel}","templated":true}]}}