{"id":1091,"date":"2017-07-20T07:53:00","date_gmt":"2017-07-20T07:53:00","guid":{"rendered":"http:\/\/www.zelena-tocka.si\/ptujski-luk\/lukarji-onion-growers\/"},"modified":"2019-12-24T14:06:10","modified_gmt":"2019-12-24T14:06:10","slug":"zwiebelbauer","status":"publish","type":"page","link":"https:\/\/zelena-tocka.si\/ptujski-luk\/de\/zwiebelbauer\/","title":{"rendered":"Zwiebelbauer"},"content":{"rendered":"<p>[vc_row][vc_column][vc_column_text]Auf Ptujsko polje blieben viele Sitten und Br\u00e4uche sowie traditionelle Gerichte, die mit dem Zwiebelanbau verbunden sind, erhalten. Sogar die Architektur ist anders und man kann sie an den Dachgesimsen erkennen, die so angepasst wurden, dass man die Zwiebeln darunter trocknen konnte. Traditionell ist nicht nur der Anbau, sondern auch die gut erhaltene Tradition des Flechtens der Zwiebelz\u00f6pfe, die in Ptujsko polje als Krenci (dt. Kr\u00e4nze) bekannt sind. Die M\u00e4dchen und Frauen, die die Zwiebelz\u00f6pfe flochten, nannte man L\u00fckarice (dt. Zwiebelfrauen) und die Familien, die sich mit dem Anbau besch\u00e4ftigten, L\u00fckarji (dt. Zwiebelbauern).<\/p>\n<p>Nach Slowenien wurde Ptujski l\u00fck von den T\u00fcrken gebracht. Der Zwiebelanbau war der wichtigste Lebensunterhalt f\u00fcr viele kleine und mittelst\u00e4ndische Bauernh\u00f6fe. Am besten hat sich die Zwiebel im Sp\u00e4therbst und w\u00e4hrend des Winters verkauft. Daher war es sehr wichtig, dass sie dick war und gut getrocknet wurde, und erst sp\u00e4ter anfing zu keimen. Der traditionelle Zwiebelzopf besteht aus zw\u00f6lf oder sechs Zwiebeln.[\/vc_column_text][\/vc_column][\/vc_row][vc_row][vc_column][vc_single_image image=&#8221;236&#8243; img_size=&#8221;full&#8221; alignment=&#8221;center&#8221; onclick=&#8221;link_image&#8221;][vc_single_image image=&#8221;237&#8243; img_size=&#8221;full&#8221; alignment=&#8221;center&#8221; onclick=&#8221;link_image&#8221;][\/vc_column][\/vc_row]<\/p>\n","protected":false},"excerpt":{"rendered":"<p>[vc_row][vc_column][vc_column_text]Auf Ptujsko polje blieben viele Sitten und Br\u00e4uche sowie traditionelle Gerichte, die mit dem Zwiebelanbau verbunden sind, erhalten. Sogar die Architektur ist anders und man kann sie an den Dachgesimsen erkennen, die so angepasst wurden, dass man die Zwiebeln darunter trocknen konnte. Traditionell ist nicht nur der Anbau, sondern auch die gut erhaltene Tradition des [&#8230;]<\/p>\n<p><a class=\"btn btn-secondary understrap-read-more-link\" href=\"https:\/\/zelena-tocka.si\/ptujski-luk\/de\/zwiebelbauer\/\">Preberi ve\u010d \u00bb<\/a><\/p>\n","protected":false},"author":4,"featured_media":0,"parent":0,"menu_order":0,"comment_status":"closed","ping_status":"closed","template":"page-templates\/right-sidebarpage.php","meta":{"footnotes":""},"class_list":["post-1091","page","type-page","status-publish","hentry"],"yoast_head":"<!-- This site is optimized with the Yoast SEO plugin v27.3 - https:\/\/yoast.com\/product\/yoast-seo-wordpress\/ -->\n<title>Zwiebelbauer - Ptujski l\u00fck<\/title>\n<meta name=\"robots\" content=\"index, follow, max-snippet:-1, max-image-preview:large, max-video-preview:-1\" \/>\n<link rel=\"canonical\" href=\"https:\/\/zelena-tocka.si\/ptujski-luk\/zwiebelbauer\/\" \/>\n<meta property=\"og:locale\" content=\"sl_SI\" \/>\n<meta property=\"og:type\" content=\"article\" \/>\n<meta property=\"og:title\" content=\"Zwiebelbauer - Ptujski l\u00fck\" \/>\n<meta property=\"og:description\" content=\"[vc_row][vc_column][vc_column_text]Auf Ptujsko polje blieben viele Sitten und Br\u00e4uche sowie traditionelle Gerichte, die mit dem Zwiebelanbau verbunden sind, erhalten. Sogar die Architektur ist anders und man kann sie an den Dachgesimsen erkennen, die so angepasst wurden, dass man die Zwiebeln darunter trocknen konnte. Traditionell ist nicht nur der Anbau, sondern auch die gut erhaltene Tradition des [...]Preberi ve\u010d \u00bb\" \/>\n<meta property=\"og:url\" content=\"https:\/\/zelena-tocka.si\/ptujski-luk\/de\/zwiebelbauer\/\" \/>\n<meta property=\"og:site_name\" content=\"Ptujski l\u00fck\" \/>\n<meta property=\"article:modified_time\" content=\"2019-12-24T14:06:10+00:00\" \/>\n<meta name=\"twitter:card\" content=\"summary_large_image\" \/>\n<meta name=\"twitter:label1\" content=\"Est. reading time\" \/>\n\t<meta name=\"twitter:data1\" content=\"1 minuta\" \/>\n<script type=\"application\/ld+json\" class=\"yoast-schema-graph\">{\"@context\":\"https:\\\/\\\/schema.org\",\"@graph\":[{\"@type\":\"WebPage\",\"@id\":\"https:\\\/\\\/zelena-tocka.si\\\/ptujski-luk\\\/de\\\/zwiebelbauer\\\/\",\"url\":\"https:\\\/\\\/zelena-tocka.si\\\/ptujski-luk\\\/de\\\/zwiebelbauer\\\/\",\"name\":\"Zwiebelbauer - Ptujski l\u00fck\",\"isPartOf\":{\"@id\":\"https:\\\/\\\/zelena-tocka.si\\\/ptujski-luk\\\/#website\"},\"datePublished\":\"2017-07-20T07:53:00+00:00\",\"dateModified\":\"2019-12-24T14:06:10+00:00\",\"breadcrumb\":{\"@id\":\"https:\\\/\\\/zelena-tocka.si\\\/ptujski-luk\\\/de\\\/zwiebelbauer\\\/#breadcrumb\"},\"inLanguage\":\"sl-SI\",\"potentialAction\":[{\"@type\":\"ReadAction\",\"target\":[\"https:\\\/\\\/zelena-tocka.si\\\/ptujski-luk\\\/de\\\/zwiebelbauer\\\/\"]}]},{\"@type\":\"BreadcrumbList\",\"@id\":\"https:\\\/\\\/zelena-tocka.si\\\/ptujski-luk\\\/de\\\/zwiebelbauer\\\/#breadcrumb\",\"itemListElement\":[{\"@type\":\"ListItem\",\"position\":1,\"name\":\"Home\",\"item\":\"https:\\\/\\\/zelena-tocka.si\\\/ptujski-luk\\\/\"},{\"@type\":\"ListItem\",\"position\":2,\"name\":\"Zwiebelbauer\"}]},{\"@type\":\"WebSite\",\"@id\":\"https:\\\/\\\/zelena-tocka.si\\\/ptujski-luk\\\/#website\",\"url\":\"https:\\\/\\\/zelena-tocka.si\\\/ptujski-luk\\\/\",\"name\":\"Ptujski l\u00fck\",\"description\":\"Kralj \u010debul\",\"publisher\":{\"@id\":\"https:\\\/\\\/zelena-tocka.si\\\/ptujski-luk\\\/#organization\"},\"potentialAction\":[{\"@type\":\"SearchAction\",\"target\":{\"@type\":\"EntryPoint\",\"urlTemplate\":\"https:\\\/\\\/zelena-tocka.si\\\/ptujski-luk\\\/?s={search_term_string}\"},\"query-input\":{\"@type\":\"PropertyValueSpecification\",\"valueRequired\":true,\"valueName\":\"search_term_string\"}}],\"inLanguage\":\"sl-SI\"},{\"@type\":\"Organization\",\"@id\":\"https:\\\/\\\/zelena-tocka.si\\\/ptujski-luk\\\/#organization\",\"name\":\"Ptujski l\u00fck\",\"url\":\"https:\\\/\\\/zelena-tocka.si\\\/ptujski-luk\\\/\",\"logo\":{\"@type\":\"ImageObject\",\"inLanguage\":\"sl-SI\",\"@id\":\"https:\\\/\\\/zelena-tocka.si\\\/ptujski-luk\\\/#\\\/schema\\\/logo\\\/image\\\/\",\"url\":\"https:\\\/\\\/zelena-tocka.si\\\/ptujski-luk\\\/wp-content\\\/uploads\\\/2018\\\/02\\\/cropped-logo_web.png\",\"contentUrl\":\"https:\\\/\\\/zelena-tocka.si\\\/ptujski-luk\\\/wp-content\\\/uploads\\\/2018\\\/02\\\/cropped-logo_web.png\",\"width\":500,\"height\":150,\"caption\":\"Ptujski l\u00fck\"},\"image\":{\"@id\":\"https:\\\/\\\/zelena-tocka.si\\\/ptujski-luk\\\/#\\\/schema\\\/logo\\\/image\\\/\"}}]}<\/script>\n<!-- \/ Yoast SEO plugin. -->","yoast_head_json":{"title":"Zwiebelbauer - Ptujski l\u00fck","robots":{"index":"index","follow":"follow","max-snippet":"max-snippet:-1","max-image-preview":"max-image-preview:large","max-video-preview":"max-video-preview:-1"},"canonical":"https:\/\/zelena-tocka.si\/ptujski-luk\/zwiebelbauer\/","og_locale":"sl_SI","og_type":"article","og_title":"Zwiebelbauer - Ptujski l\u00fck","og_description":"[vc_row][vc_column][vc_column_text]Auf Ptujsko polje blieben viele Sitten und Br\u00e4uche sowie traditionelle Gerichte, die mit dem Zwiebelanbau verbunden sind, erhalten. Sogar die Architektur ist anders und man kann sie an den Dachgesimsen erkennen, die so angepasst wurden, dass man die Zwiebeln darunter trocknen konnte. Traditionell ist nicht nur der Anbau, sondern auch die gut erhaltene Tradition des [...]Preberi ve\u010d \u00bb","og_url":"https:\/\/zelena-tocka.si\/ptujski-luk\/de\/zwiebelbauer\/","og_site_name":"Ptujski l\u00fck","article_modified_time":"2019-12-24T14:06:10+00:00","twitter_card":"summary_large_image","twitter_misc":{"Est. reading time":"1 minuta"},"schema":{"@context":"https:\/\/schema.org","@graph":[{"@type":"WebPage","@id":"https:\/\/zelena-tocka.si\/ptujski-luk\/de\/zwiebelbauer\/","url":"https:\/\/zelena-tocka.si\/ptujski-luk\/de\/zwiebelbauer\/","name":"Zwiebelbauer - Ptujski l\u00fck","isPartOf":{"@id":"https:\/\/zelena-tocka.si\/ptujski-luk\/#website"},"datePublished":"2017-07-20T07:53:00+00:00","dateModified":"2019-12-24T14:06:10+00:00","breadcrumb":{"@id":"https:\/\/zelena-tocka.si\/ptujski-luk\/de\/zwiebelbauer\/#breadcrumb"},"inLanguage":"sl-SI","potentialAction":[{"@type":"ReadAction","target":["https:\/\/zelena-tocka.si\/ptujski-luk\/de\/zwiebelbauer\/"]}]},{"@type":"BreadcrumbList","@id":"https:\/\/zelena-tocka.si\/ptujski-luk\/de\/zwiebelbauer\/#breadcrumb","itemListElement":[{"@type":"ListItem","position":1,"name":"Home","item":"https:\/\/zelena-tocka.si\/ptujski-luk\/"},{"@type":"ListItem","position":2,"name":"Zwiebelbauer"}]},{"@type":"WebSite","@id":"https:\/\/zelena-tocka.si\/ptujski-luk\/#website","url":"https:\/\/zelena-tocka.si\/ptujski-luk\/","name":"Ptujski l\u00fck","description":"Kralj \u010debul","publisher":{"@id":"https:\/\/zelena-tocka.si\/ptujski-luk\/#organization"},"potentialAction":[{"@type":"SearchAction","target":{"@type":"EntryPoint","urlTemplate":"https:\/\/zelena-tocka.si\/ptujski-luk\/?s={search_term_string}"},"query-input":{"@type":"PropertyValueSpecification","valueRequired":true,"valueName":"search_term_string"}}],"inLanguage":"sl-SI"},{"@type":"Organization","@id":"https:\/\/zelena-tocka.si\/ptujski-luk\/#organization","name":"Ptujski l\u00fck","url":"https:\/\/zelena-tocka.si\/ptujski-luk\/","logo":{"@type":"ImageObject","inLanguage":"sl-SI","@id":"https:\/\/zelena-tocka.si\/ptujski-luk\/#\/schema\/logo\/image\/","url":"https:\/\/zelena-tocka.si\/ptujski-luk\/wp-content\/uploads\/2018\/02\/cropped-logo_web.png","contentUrl":"https:\/\/zelena-tocka.si\/ptujski-luk\/wp-content\/uploads\/2018\/02\/cropped-logo_web.png","width":500,"height":150,"caption":"Ptujski l\u00fck"},"image":{"@id":"https:\/\/zelena-tocka.si\/ptujski-luk\/#\/schema\/logo\/image\/"}}]}},"_links":{"self":[{"href":"https:\/\/zelena-tocka.si\/ptujski-luk\/wp-json\/wp\/v2\/pages\/1091","targetHints":{"allow":["GET"]}}],"collection":[{"href":"https:\/\/zelena-tocka.si\/ptujski-luk\/wp-json\/wp\/v2\/pages"}],"about":[{"href":"https:\/\/zelena-tocka.si\/ptujski-luk\/wp-json\/wp\/v2\/types\/page"}],"author":[{"embeddable":true,"href":"https:\/\/zelena-tocka.si\/ptujski-luk\/wp-json\/wp\/v2\/users\/4"}],"replies":[{"embeddable":true,"href":"https:\/\/zelena-tocka.si\/ptujski-luk\/wp-json\/wp\/v2\/comments?post=1091"}],"version-history":[{"count":1,"href":"https:\/\/zelena-tocka.si\/ptujski-luk\/wp-json\/wp\/v2\/pages\/1091\/revisions"}],"predecessor-version":[{"id":1092,"href":"https:\/\/zelena-tocka.si\/ptujski-luk\/wp-json\/wp\/v2\/pages\/1091\/revisions\/1092"}],"wp:attachment":[{"href":"https:\/\/zelena-tocka.si\/ptujski-luk\/wp-json\/wp\/v2\/media?parent=1091"}],"curies":[{"name":"wp","href":"https:\/\/api.w.org\/{rel}","templated":true}]}}