{"id":1080,"date":"2017-07-20T07:51:55","date_gmt":"2017-07-20T07:51:55","guid":{"rendered":"http:\/\/www.zelena-tocka.si\/ptujski-luk\/about-luk\/"},"modified":"2019-12-24T13:59:42","modified_gmt":"2019-12-24T13:59:42","slug":"ueber-ptujski-luek","status":"publish","type":"page","link":"https:\/\/zelena-tocka.si\/ptujski-luk\/de\/ueber-ptujski-luek\/","title":{"rendered":"\u00dcber Ptujski l\u00fck"},"content":{"rendered":"<p>[vc_row][vc_column][vc_custom_heading text=&#8221;Die K\u00f6nigin der Zwiebeln&#8221; font_container=&#8221;tag:h3|text_align:left|color:%23b22e20&#8243; use_theme_fonts=&#8221;yes&#8221;][vc_column_text]Diese Zwiebel wird bereits seit 200 Jahren angebaut, geerntet und zu Zwiebelz\u00f6pfen gebunden. Diese Tradition ist bis heute erhalten geblieben. Ihr Geschmack, ihre Sch\u00e4rfe und ihre Qualit\u00e4t machen Ptujski l\u00fck zu einer der besten Zwiebelsorten \u00fcberhaupt. Aufgrund des traditionellen Anbaus und ihrer Herkunft erhielt Ptujski l\u00fck das G\u00fctesiegel \u201egesch\u00fctzte geografische Angabe\u201c. Das bedeutet, dass diese Zwiebel nicht nur auf der Liste der gesch\u00fctzten slowenischen landwirtschaftlichen Erzeugnisse steht, sondern auch eine EU-weite Besonderheit ist.[\/vc_column_text][\/vc_column][\/vc_row][vc_row][vc_column][vc_single_image image=&#8221;199&#8243; img_size=&#8221;full&#8221; alignment=&#8221;center&#8221;][\/vc_column][\/vc_row][vc_row][vc_column][vc_custom_heading text=&#8221;Geschmack, Herkunft, Tradition&#8221; font_container=&#8221;tag:h3|text_align:left|color:%23b22e20&#8243; use_theme_fonts=&#8221;yes&#8221;][vc_column_text]Der kiesige und sandige Boden von Ptujsko polje und das angenehme Klima mit viel Sonne geben dem Geschmack dieser Zwiebelsorte eine besondere Sch\u00e4rfe. Die Zwiebelsorte Ptujski l\u00fck ist aus der K\u00fcche nicht mehr wegzudenken, denn sie wird schnell weich beim Kochen. Sie eignet sich au\u00dferdem gut zum Lagern. In dunklen und k\u00fchlen R\u00e4umen hat man sie fr\u00fcher bis zum Fr\u00fchling gelagert.[\/vc_column_text][vc_column_text el_class=&#8221;with-border&#8221;]<strong>Woran erkennt man Ptujski l\u00fck?<\/strong><\/p>\n<ul>\n<li><strong>Herzf\u00f6rmig-flache Form.<\/strong><\/li>\n<li><strong>Rotbraune bis hellrote Farbe der trockenen Zwiebelschalen.<\/strong><\/li>\n<li><strong>Wei\u00dfer Zwiebelkern mit einem violett-roten Farbstich und einem st\u00e4rkeren violetten Rand.<\/strong><\/li>\n<li><strong>Charakteristischer, nicht zu scharfer Geschmack.<\/strong><\/li>\n<li><strong>Intensiver Zwiebelgeruch.<\/strong><\/li>\n<li><strong>G\u00fctesiegel \u201egesch\u00fctzte geografische Angabe\u201c, das man auf der Verpackung findet.<\/strong><\/li>\n<\/ul>\n<p>[\/vc_column_text][\/vc_column][\/vc_row][vc_row][vc_column][vc_single_image image=&#8221;200&#8243; img_size=&#8221;full&#8221; alignment=&#8221;center&#8221;][\/vc_column][\/vc_row][vc_row][vc_column][vc_custom_heading text=&#8221;GESCH\u00dcTZTE GEOGRAFISCHE ANGABE (g.g.A.)&#8221; font_container=&#8221;tag:h3|text_align:left|color:%23b22e20&#8243; use_theme_fonts=&#8221;yes&#8221;][\/vc_column][\/vc_row][vc_row css=&#8221;.vc_custom_1516965696201{margin-top: 20px !important;}&#8221;][vc_column][vc_single_image image=&#8221;53&#8243; img_size=&#8221;medium&#8221;][\/vc_column][\/vc_row][vc_row][vc_column][vc_column_text]Um sich den Namen \u201egesch\u00fctzte geografische Angabe\u201c zu verdienen, muss sich ein Agrarerzeugnis oder ein Lebensmittel durch eine besondere Qualit\u00e4t und Tradition, ein besonderes Ansehen oder andere Eigenschaften auszeichnen, und es muss aus einem bestimmten geographischen Gebiet stammen. F\u00fcr Ptujski l\u00fck bestimmt das Regelwerk ein genau abgegrenztes Gebiet, auf dem die Zwiebel angebaut werden darf: Ptujsko polje bis nach Ormo\u017e. Das G\u00fctesiegel der besonderen Qualit\u00e4t garantiert dem K\u00e4ufer, dass er eine authentische Zwiebel, die auf traditionelle Art und Weise angebaut wurde, kauft. Erzeugnisse mit dem G\u00fctesiegel \u201egesch\u00fctzte geographische Angabe\u201c sind auch zertifiziert. Das bedeutet, dass eine unabh\u00e4ngige Kontrollinstitution j\u00e4hrlich \u00fcberpr\u00fcft, ob sich der Hersteller an die Erzeugungsregeln und andere Bedingungen h\u00e4lt, die in der Angabe definiert sind. Die authentische Zwiebelsorte Ptujski l\u00fck erkennt man an dem gelb-blauen EU-Herkunftszeichen auf der Verpackung. Das G\u00fctesiegel g.g.A. gilt EU-weit und daher ist Ptujski l\u00fck ein Agrarerzeugnis, das in der gesamten Europ\u00e4ischen Union gesch\u00fctzt ist.[\/vc_column_text][\/vc_column][\/vc_row][vc_row][vc_column width=&#8221;1\/3&#8243;][vc_single_image image=&#8221;205&#8243; img_size=&#8221;full&#8221; alignment=&#8221;center&#8221; onclick=&#8221;link_image&#8221;][\/vc_column][vc_column width=&#8221;1\/3&#8243;][vc_single_image image=&#8221;206&#8243; img_size=&#8221;full&#8221; alignment=&#8221;center&#8221; onclick=&#8221;link_image&#8221;][\/vc_column][vc_column width=&#8221;1\/3&#8243;][vc_single_image image=&#8221;207&#8243; img_size=&#8221;full&#8221; alignment=&#8221;center&#8221; onclick=&#8221;link_image&#8221;][\/vc_column][\/vc_row]<\/p>\n","protected":false},"excerpt":{"rendered":"<p>[vc_row][vc_column][vc_custom_heading text=&#8221;Die K\u00f6nigin der Zwiebeln&#8221; font_container=&#8221;tag:h3|text_align:left|color:%23b22e20&#8243; use_theme_fonts=&#8221;yes&#8221;][vc_column_text]Diese Zwiebel wird bereits seit 200 Jahren angebaut, geerntet und zu Zwiebelz\u00f6pfen gebunden. Diese Tradition ist bis heute erhalten geblieben. Ihr Geschmack, ihre Sch\u00e4rfe und ihre Qualit\u00e4t machen Ptujski l\u00fck zu einer der besten Zwiebelsorten \u00fcberhaupt. Aufgrund des traditionellen Anbaus und ihrer Herkunft erhielt Ptujski l\u00fck das G\u00fctesiegel \u201egesch\u00fctzte [&#8230;]<\/p>\n<p><a class=\"btn btn-secondary understrap-read-more-link\" href=\"https:\/\/zelena-tocka.si\/ptujski-luk\/de\/ueber-ptujski-luek\/\">Preberi ve\u010d \u00bb<\/a><\/p>\n","protected":false},"author":4,"featured_media":0,"parent":0,"menu_order":0,"comment_status":"closed","ping_status":"closed","template":"page-templates\/right-sidebarpage.php","meta":{"footnotes":""},"class_list":["post-1080","page","type-page","status-publish","hentry"],"yoast_head":"<!-- This site is optimized with the Yoast SEO plugin v27.3 - https:\/\/yoast.com\/product\/yoast-seo-wordpress\/ -->\n<title>\u00dcber Ptujski l\u00fck - Ptujski l\u00fck<\/title>\n<meta name=\"robots\" content=\"index, follow, max-snippet:-1, max-image-preview:large, max-video-preview:-1\" \/>\n<link rel=\"canonical\" href=\"https:\/\/zelena-tocka.si\/ptujski-luk\/ueber-ptujski-luek\/\" \/>\n<meta property=\"og:locale\" content=\"sl_SI\" \/>\n<meta property=\"og:type\" content=\"article\" \/>\n<meta property=\"og:title\" content=\"\u00dcber Ptujski l\u00fck - Ptujski l\u00fck\" \/>\n<meta property=\"og:description\" content=\"[vc_row][vc_column][vc_custom_heading text=&#8221;Die K\u00f6nigin der Zwiebeln&#8221; font_container=&#8221;tag:h3|text_align:left|color:%23b22e20&#8243; use_theme_fonts=&#8221;yes&#8221;][vc_column_text]Diese Zwiebel wird bereits seit 200 Jahren angebaut, geerntet und zu Zwiebelz\u00f6pfen gebunden. Diese Tradition ist bis heute erhalten geblieben. Ihr Geschmack, ihre Sch\u00e4rfe und ihre Qualit\u00e4t machen Ptujski l\u00fck zu einer der besten Zwiebelsorten \u00fcberhaupt. Aufgrund des traditionellen Anbaus und ihrer Herkunft erhielt Ptujski l\u00fck das G\u00fctesiegel \u201egesch\u00fctzte [...]Preberi ve\u010d \u00bb\" \/>\n<meta property=\"og:url\" content=\"https:\/\/zelena-tocka.si\/ptujski-luk\/de\/ueber-ptujski-luek\/\" \/>\n<meta property=\"og:site_name\" content=\"Ptujski l\u00fck\" \/>\n<meta property=\"article:modified_time\" content=\"2019-12-24T13:59:42+00:00\" \/>\n<meta name=\"twitter:card\" content=\"summary_large_image\" \/>\n<meta name=\"twitter:label1\" content=\"Est. reading time\" \/>\n\t<meta name=\"twitter:data1\" content=\"3 minute\" \/>\n<script type=\"application\/ld+json\" class=\"yoast-schema-graph\">{\"@context\":\"https:\\\/\\\/schema.org\",\"@graph\":[{\"@type\":\"WebPage\",\"@id\":\"https:\\\/\\\/zelena-tocka.si\\\/ptujski-luk\\\/de\\\/ueber-ptujski-luek\\\/\",\"url\":\"https:\\\/\\\/zelena-tocka.si\\\/ptujski-luk\\\/de\\\/ueber-ptujski-luek\\\/\",\"name\":\"\u00dcber Ptujski l\u00fck - Ptujski l\u00fck\",\"isPartOf\":{\"@id\":\"https:\\\/\\\/zelena-tocka.si\\\/ptujski-luk\\\/#website\"},\"datePublished\":\"2017-07-20T07:51:55+00:00\",\"dateModified\":\"2019-12-24T13:59:42+00:00\",\"breadcrumb\":{\"@id\":\"https:\\\/\\\/zelena-tocka.si\\\/ptujski-luk\\\/de\\\/ueber-ptujski-luek\\\/#breadcrumb\"},\"inLanguage\":\"sl-SI\",\"potentialAction\":[{\"@type\":\"ReadAction\",\"target\":[\"https:\\\/\\\/zelena-tocka.si\\\/ptujski-luk\\\/de\\\/ueber-ptujski-luek\\\/\"]}]},{\"@type\":\"BreadcrumbList\",\"@id\":\"https:\\\/\\\/zelena-tocka.si\\\/ptujski-luk\\\/de\\\/ueber-ptujski-luek\\\/#breadcrumb\",\"itemListElement\":[{\"@type\":\"ListItem\",\"position\":1,\"name\":\"Home\",\"item\":\"https:\\\/\\\/zelena-tocka.si\\\/ptujski-luk\\\/\"},{\"@type\":\"ListItem\",\"position\":2,\"name\":\"\u00dcber Ptujski l\u00fck\"}]},{\"@type\":\"WebSite\",\"@id\":\"https:\\\/\\\/zelena-tocka.si\\\/ptujski-luk\\\/#website\",\"url\":\"https:\\\/\\\/zelena-tocka.si\\\/ptujski-luk\\\/\",\"name\":\"Ptujski l\u00fck\",\"description\":\"Kralj \u010debul\",\"publisher\":{\"@id\":\"https:\\\/\\\/zelena-tocka.si\\\/ptujski-luk\\\/#organization\"},\"potentialAction\":[{\"@type\":\"SearchAction\",\"target\":{\"@type\":\"EntryPoint\",\"urlTemplate\":\"https:\\\/\\\/zelena-tocka.si\\\/ptujski-luk\\\/?s={search_term_string}\"},\"query-input\":{\"@type\":\"PropertyValueSpecification\",\"valueRequired\":true,\"valueName\":\"search_term_string\"}}],\"inLanguage\":\"sl-SI\"},{\"@type\":\"Organization\",\"@id\":\"https:\\\/\\\/zelena-tocka.si\\\/ptujski-luk\\\/#organization\",\"name\":\"Ptujski l\u00fck\",\"url\":\"https:\\\/\\\/zelena-tocka.si\\\/ptujski-luk\\\/\",\"logo\":{\"@type\":\"ImageObject\",\"inLanguage\":\"sl-SI\",\"@id\":\"https:\\\/\\\/zelena-tocka.si\\\/ptujski-luk\\\/#\\\/schema\\\/logo\\\/image\\\/\",\"url\":\"https:\\\/\\\/zelena-tocka.si\\\/ptujski-luk\\\/wp-content\\\/uploads\\\/2018\\\/02\\\/cropped-logo_web.png\",\"contentUrl\":\"https:\\\/\\\/zelena-tocka.si\\\/ptujski-luk\\\/wp-content\\\/uploads\\\/2018\\\/02\\\/cropped-logo_web.png\",\"width\":500,\"height\":150,\"caption\":\"Ptujski l\u00fck\"},\"image\":{\"@id\":\"https:\\\/\\\/zelena-tocka.si\\\/ptujski-luk\\\/#\\\/schema\\\/logo\\\/image\\\/\"}}]}<\/script>\n<!-- \/ Yoast SEO plugin. -->","yoast_head_json":{"title":"\u00dcber Ptujski l\u00fck - Ptujski l\u00fck","robots":{"index":"index","follow":"follow","max-snippet":"max-snippet:-1","max-image-preview":"max-image-preview:large","max-video-preview":"max-video-preview:-1"},"canonical":"https:\/\/zelena-tocka.si\/ptujski-luk\/ueber-ptujski-luek\/","og_locale":"sl_SI","og_type":"article","og_title":"\u00dcber Ptujski l\u00fck - Ptujski l\u00fck","og_description":"[vc_row][vc_column][vc_custom_heading text=&#8221;Die K\u00f6nigin der Zwiebeln&#8221; font_container=&#8221;tag:h3|text_align:left|color:%23b22e20&#8243; use_theme_fonts=&#8221;yes&#8221;][vc_column_text]Diese Zwiebel wird bereits seit 200 Jahren angebaut, geerntet und zu Zwiebelz\u00f6pfen gebunden. Diese Tradition ist bis heute erhalten geblieben. Ihr Geschmack, ihre Sch\u00e4rfe und ihre Qualit\u00e4t machen Ptujski l\u00fck zu einer der besten Zwiebelsorten \u00fcberhaupt. Aufgrund des traditionellen Anbaus und ihrer Herkunft erhielt Ptujski l\u00fck das G\u00fctesiegel \u201egesch\u00fctzte [...]Preberi ve\u010d \u00bb","og_url":"https:\/\/zelena-tocka.si\/ptujski-luk\/de\/ueber-ptujski-luek\/","og_site_name":"Ptujski l\u00fck","article_modified_time":"2019-12-24T13:59:42+00:00","twitter_card":"summary_large_image","twitter_misc":{"Est. reading time":"3 minute"},"schema":{"@context":"https:\/\/schema.org","@graph":[{"@type":"WebPage","@id":"https:\/\/zelena-tocka.si\/ptujski-luk\/de\/ueber-ptujski-luek\/","url":"https:\/\/zelena-tocka.si\/ptujski-luk\/de\/ueber-ptujski-luek\/","name":"\u00dcber Ptujski l\u00fck - Ptujski l\u00fck","isPartOf":{"@id":"https:\/\/zelena-tocka.si\/ptujski-luk\/#website"},"datePublished":"2017-07-20T07:51:55+00:00","dateModified":"2019-12-24T13:59:42+00:00","breadcrumb":{"@id":"https:\/\/zelena-tocka.si\/ptujski-luk\/de\/ueber-ptujski-luek\/#breadcrumb"},"inLanguage":"sl-SI","potentialAction":[{"@type":"ReadAction","target":["https:\/\/zelena-tocka.si\/ptujski-luk\/de\/ueber-ptujski-luek\/"]}]},{"@type":"BreadcrumbList","@id":"https:\/\/zelena-tocka.si\/ptujski-luk\/de\/ueber-ptujski-luek\/#breadcrumb","itemListElement":[{"@type":"ListItem","position":1,"name":"Home","item":"https:\/\/zelena-tocka.si\/ptujski-luk\/"},{"@type":"ListItem","position":2,"name":"\u00dcber Ptujski l\u00fck"}]},{"@type":"WebSite","@id":"https:\/\/zelena-tocka.si\/ptujski-luk\/#website","url":"https:\/\/zelena-tocka.si\/ptujski-luk\/","name":"Ptujski l\u00fck","description":"Kralj \u010debul","publisher":{"@id":"https:\/\/zelena-tocka.si\/ptujski-luk\/#organization"},"potentialAction":[{"@type":"SearchAction","target":{"@type":"EntryPoint","urlTemplate":"https:\/\/zelena-tocka.si\/ptujski-luk\/?s={search_term_string}"},"query-input":{"@type":"PropertyValueSpecification","valueRequired":true,"valueName":"search_term_string"}}],"inLanguage":"sl-SI"},{"@type":"Organization","@id":"https:\/\/zelena-tocka.si\/ptujski-luk\/#organization","name":"Ptujski l\u00fck","url":"https:\/\/zelena-tocka.si\/ptujski-luk\/","logo":{"@type":"ImageObject","inLanguage":"sl-SI","@id":"https:\/\/zelena-tocka.si\/ptujski-luk\/#\/schema\/logo\/image\/","url":"https:\/\/zelena-tocka.si\/ptujski-luk\/wp-content\/uploads\/2018\/02\/cropped-logo_web.png","contentUrl":"https:\/\/zelena-tocka.si\/ptujski-luk\/wp-content\/uploads\/2018\/02\/cropped-logo_web.png","width":500,"height":150,"caption":"Ptujski l\u00fck"},"image":{"@id":"https:\/\/zelena-tocka.si\/ptujski-luk\/#\/schema\/logo\/image\/"}}]}},"_links":{"self":[{"href":"https:\/\/zelena-tocka.si\/ptujski-luk\/wp-json\/wp\/v2\/pages\/1080","targetHints":{"allow":["GET"]}}],"collection":[{"href":"https:\/\/zelena-tocka.si\/ptujski-luk\/wp-json\/wp\/v2\/pages"}],"about":[{"href":"https:\/\/zelena-tocka.si\/ptujski-luk\/wp-json\/wp\/v2\/types\/page"}],"author":[{"embeddable":true,"href":"https:\/\/zelena-tocka.si\/ptujski-luk\/wp-json\/wp\/v2\/users\/4"}],"replies":[{"embeddable":true,"href":"https:\/\/zelena-tocka.si\/ptujski-luk\/wp-json\/wp\/v2\/comments?post=1080"}],"version-history":[{"count":3,"href":"https:\/\/zelena-tocka.si\/ptujski-luk\/wp-json\/wp\/v2\/pages\/1080\/revisions"}],"predecessor-version":[{"id":1083,"href":"https:\/\/zelena-tocka.si\/ptujski-luk\/wp-json\/wp\/v2\/pages\/1080\/revisions\/1083"}],"wp:attachment":[{"href":"https:\/\/zelena-tocka.si\/ptujski-luk\/wp-json\/wp\/v2\/media?parent=1080"}],"curies":[{"name":"wp","href":"https:\/\/api.w.org\/{rel}","templated":true}]}}